{"id":561,"date":"2018-09-04T11:05:02","date_gmt":"2018-09-04T11:05:02","guid":{"rendered":"https:\/\/www.conilsol.com\/contacto-y-reservas\/"},"modified":"2019-11-30T20:45:52","modified_gmt":"2019-11-30T20:45:52","slug":"contact-et-reservations","status":"publish","type":"page","link":"https:\/\/www.conilsol.com\/fr\/contact-et-reservations\/","title":{"rendered":"Contact et r\u00e9servations"},"content":{"rendered":"<p>[vc_row type=\u00a0\u00bbvc_default\u00a0\u00bb full_width=\u00a0\u00bbstretch_row_content_no_spaces\u00a0\u00bb css=\u00a0\u00bb.vc_custom_1535318425883{margin-top: -40px !important;}\u00a0\u00bb][vc_column][vc_column_text]<img loading=\"lazy\" class=\"alignnone size-full wp-image-123\" src=\"https:\/\/www.conilsol.com\/wp-content\/uploads\/reservar-casa-en-conil.jpg\" alt=\"\" width=\"1300\" height=\"650\" srcset=\"https:\/\/www.conilsol.com\/wp-content\/uploads\/reservar-casa-en-conil.jpg 1300w, https:\/\/www.conilsol.com\/wp-content\/uploads\/reservar-casa-en-conil-300x150.jpg 300w, https:\/\/www.conilsol.com\/wp-content\/uploads\/reservar-casa-en-conil-768x384.jpg 768w, https:\/\/www.conilsol.com\/wp-content\/uploads\/reservar-casa-en-conil-1024x512.jpg 1024w\" sizes=\"(max-width: 1300px) 100vw, 1300px\" \/>[\/vc_column_text][\/vc_column][\/vc_row][vc_row][vc_column width=\u00a0\u00bb1\/2&Prime;][vc_column_text]<\/p>\n<h3>Contactez nous!<\/h3>\n<div style=\"text-align: justify;\">Si vous souhaitez obtenir plus d&rsquo;informations sur nos maisons ou si vous souhaitez r\u00e9server, vous pouvez \u00e9crire un email \u00e0 <a href=\"mailto:info@conilsol.com\">info@conilsol.com<\/a> ou remplir le formulaire de contact et de r\u00e9servation.<\/div>\n<p>[\/vc_column_text][vc_column_text]<img loading=\"lazy\" class=\"alignnone size-full wp-image-180\" src=\"https:\/\/www.conilsol.com\/wp-content\/uploads\/logo4.png\" alt=\"\" width=\"164\" height=\"150\" \/><\/p>\n<p><i class=\"fa icon-mail\"><\/i> <a href=\"mailto:info@conilsol.com\">info@conilsol.com<\/a><\/p>\n<div class=\"mini-widgets\">\n<div class=\"soc-ico show-on-desktop near-logo-first-switch hide-on-second-switch custom-bg hover-accent-bg\"><a class=\"facebook\" title=\"Facebook\" href=\"https:\/\/www.facebook.com\/conilsolconil\/\" target=\"_blank\" rel=\"noopener noreferrer\"><span class=\"assistive-text\">Facebook<\/span><\/a><a class=\"instagram\" title=\"Instagram\" href=\"https:\/\/www.instagram.com\/ConilSol\/\" target=\"_blank\" rel=\"noopener noreferrer\"><span class=\"assistive-text\">Instagram<\/span><\/a><\/div>\n<\/div>\n<p>[\/vc_column_text][\/vc_column][vc_column width=\u00a0\u00bb1\/2&Prime;]<div role=\"form\" class=\"wpcf7\" id=\"wpcf7-f562-o1\" lang=\"es-ES\" dir=\"ltr\">\n<div class=\"screen-reader-response\"><p role=\"status\" aria-live=\"polite\" aria-atomic=\"true\"><\/p> <ul><\/ul><\/div>\n<form action=\"\/fr\/wp-json\/wp\/v2\/pages\/561#wpcf7-f562-o1\" method=\"post\" class=\"wpcf7-form init\" novalidate=\"novalidate\" data-status=\"init\">\n<div style=\"display: none;\">\n<input type=\"hidden\" name=\"_wpcf7\" value=\"562\" \/>\n<input type=\"hidden\" name=\"_wpcf7_version\" value=\"5.3\" \/>\n<input type=\"hidden\" name=\"_wpcf7_locale\" value=\"es_ES\" \/>\n<input type=\"hidden\" name=\"_wpcf7_unit_tag\" value=\"wpcf7-f562-o1\" \/>\n<input type=\"hidden\" name=\"_wpcf7_container_post\" value=\"0\" \/>\n<input type=\"hidden\" name=\"_wpcf7_posted_data_hash\" value=\"\" \/>\n<input type=\"hidden\" name=\"_wpcf7_recaptcha_response\" value=\"\" \/>\n<\/div>\n<p><span class=\"wpcf7-form-control-wrap your-name\"><input type=\"text\" name=\"your-name\" value=\"\" size=\"40\" class=\"wpcf7-form-control wpcf7-text wpcf7-validates-as-required\" aria-required=\"true\" aria-invalid=\"false\" placeholder=\"Nom et surnom*\" \/><\/span><\/p>\n<p><span class=\"wpcf7-form-control-wrap your-email\"><input type=\"email\" name=\"your-email\" value=\"\" size=\"40\" class=\"wpcf7-form-control wpcf7-text wpcf7-email wpcf7-validates-as-required wpcf7-validates-as-email\" aria-required=\"true\" aria-invalid=\"false\" placeholder=\"Email*\" \/><\/span><\/p>\n<p><span class=\"wpcf7-form-control-wrap text-690\"><input type=\"text\" name=\"text-690\" value=\"\" size=\"40\" class=\"wpcf7-form-control wpcf7-text\" aria-invalid=\"false\" placeholder=\"Adresse\" \/><\/span><\/p>\n<p><span class=\"wpcf7-form-control-wrap tel-802\"><input type=\"tel\" name=\"tel-802\" value=\"\" size=\"40\" class=\"wpcf7-form-control wpcf7-text wpcf7-tel wpcf7-validates-as-required wpcf7-validates-as-tel\" aria-required=\"true\" aria-invalid=\"false\" placeholder=\"T\u00e9l\u00e9phone portable*\" \/><\/span><\/p>\n<p><span class=\"wpcf7-form-control-wrap text-796\"><input type=\"text\" name=\"text-796\" value=\"\" size=\"40\" class=\"wpcf7-form-control wpcf7-text\" aria-invalid=\"false\" placeholder=\"Dates de r\u00e9servation\" \/><\/span><\/p>\n<p><span class=\"wpcf7-form-control-wrap text-691\"><input type=\"text\" name=\"text-691\" value=\"\" size=\"40\" class=\"wpcf7-form-control wpcf7-text\" aria-invalid=\"false\" placeholder=\"Nombre d&#039;adultes\" \/><\/span><\/p>\n<p><span class=\"wpcf7-form-control-wrap text-692\"><input type=\"text\" name=\"text-692\" value=\"\" size=\"40\" class=\"wpcf7-form-control wpcf7-text\" aria-invalid=\"false\" placeholder=\"Nombre d&#039;enfants\" \/><\/span><\/p>\n<p><span class=\"wpcf7-form-control-wrap your-subject\"><input type=\"text\" name=\"your-subject\" value=\"\" size=\"40\" class=\"wpcf7-form-control wpcf7-text\" aria-invalid=\"false\" placeholder=\"Propri\u00e9t\u00e9\" \/><\/span><\/p>\n<p><span class=\"wpcf7-form-control-wrap your-message\"><textarea name=\"your-message\" cols=\"40\" rows=\"4\" class=\"wpcf7-form-control wpcf7-textarea\" aria-invalid=\"false\" placeholder=\"Message\"><\/textarea><\/span><\/p>\n\n<p><input type=\"submit\" value=\"Envoyer\" class=\"wpcf7-form-control wpcf7-submit\" \/><\/p>\n<div class=\"wpcf7-response-output\" aria-hidden=\"true\"><\/div><\/form><\/div>[\/vc_column][\/vc_row]<\/p>\n","protected":false},"excerpt":{"rendered":"<p>[vc_row type=\u00a0\u00bbvc_default\u00a0\u00bb full_width=\u00a0\u00bbstretch_row_content_no_spaces\u00a0\u00bb css=\u00a0\u00bb.vc_custom_1535318425883{margin-top: -40px !important;}\u00a0\u00bb][vc_column][vc_column_text][\/vc_column_text][\/vc_column][\/vc_row][vc_row][vc_column width=\u00a0\u00bb1\/2&Prime;][vc_column_text] Contactez nous! Si vous souhaitez obtenir plus d&rsquo;informations sur nos maisons ou si vous souhaitez r\u00e9server, vous pouvez \u00e9crire un email \u00e0 info@conilsol.com ou remplir le formulaire de contact et de r\u00e9servation. [\/vc_column_text][vc_column_text] info@conilsol.com FacebookInstagram [\/vc_column_text][\/vc_column][vc_column width=\u00a0\u00bb1\/2&Prime;][\/vc_column][\/vc_row]<\/p>\n","protected":false},"author":1,"featured_media":0,"parent":0,"menu_order":0,"comment_status":"closed","ping_status":"closed","template":"","meta":[],"_links":{"self":[{"href":"https:\/\/www.conilsol.com\/fr\/wp-json\/wp\/v2\/pages\/561"}],"collection":[{"href":"https:\/\/www.conilsol.com\/fr\/wp-json\/wp\/v2\/pages"}],"about":[{"href":"https:\/\/www.conilsol.com\/fr\/wp-json\/wp\/v2\/types\/page"}],"author":[{"embeddable":true,"href":"https:\/\/www.conilsol.com\/fr\/wp-json\/wp\/v2\/users\/1"}],"replies":[{"embeddable":true,"href":"https:\/\/www.conilsol.com\/fr\/wp-json\/wp\/v2\/comments?post=561"}],"version-history":[{"count":2,"href":"https:\/\/www.conilsol.com\/fr\/wp-json\/wp\/v2\/pages\/561\/revisions"}],"predecessor-version":[{"id":564,"href":"https:\/\/www.conilsol.com\/fr\/wp-json\/wp\/v2\/pages\/561\/revisions\/564"}],"wp:attachment":[{"href":"https:\/\/www.conilsol.com\/fr\/wp-json\/wp\/v2\/media?parent=561"}],"curies":[{"name":"wp","href":"https:\/\/api.w.org\/{rel}","templated":true}]}}