{"id":557,"date":"2018-09-04T10:45:57","date_gmt":"2018-09-04T10:45:57","guid":{"rendered":"https:\/\/www.conilsol.com\/ofertas\/"},"modified":"2019-11-30T20:40:59","modified_gmt":"2019-11-30T20:40:59","slug":"offres","status":"publish","type":"page","link":"https:\/\/www.conilsol.com\/fr\/offres\/","title":{"rendered":"Offres &#8211; Derni\u00e8re minute"},"content":{"rendered":"<p>[vc_row type=\u00a0\u00bbvc_default\u00a0\u00bb full_width=\u00a0\u00bbstretch_row_content_no_spaces\u00a0\u00bb css=\u00a0\u00bb.vc_custom_1535318425883{margin-top: -40px !important;}\u00a0\u00bb][vc_column][vc_column_text]<img loading=\"lazy\" class=\"alignnone size-full wp-image-115\" src=\"https:\/\/www.conilsol.com\/wp-content\/uploads\/ofertas-en-conil.jpg\" alt=\"\" width=\"1400\" height=\"700\" srcset=\"https:\/\/www.conilsol.com\/wp-content\/uploads\/ofertas-en-conil.jpg 1400w, https:\/\/www.conilsol.com\/wp-content\/uploads\/ofertas-en-conil-300x150.jpg 300w, https:\/\/www.conilsol.com\/wp-content\/uploads\/ofertas-en-conil-768x384.jpg 768w, https:\/\/www.conilsol.com\/wp-content\/uploads\/ofertas-en-conil-1024x512.jpg 1024w\" sizes=\"(max-width: 1400px) 100vw, 1400px\" \/>[\/vc_column_text][\/vc_column][\/vc_row][vc_row][vc_column][vc_column_text]<\/p>\n<h3>Rencontrez nos offres!<\/h3>\n<p>[\/vc_column_text][vc_column_text]<\/p>\n<h4>Pour le moment, nous n&rsquo;avons pas d&rsquo;offres, pour \u00eatre toujours inform\u00e9, nous vous recommandons de vous abonner \u00e0 notre newsletter.<\/h4>\n<p>[\/vc_column_text][\/vc_column][\/vc_row]<\/p>\n","protected":false},"excerpt":{"rendered":"<p>[vc_row type=\u00a0\u00bbvc_default\u00a0\u00bb full_width=\u00a0\u00bbstretch_row_content_no_spaces\u00a0\u00bb css=\u00a0\u00bb.vc_custom_1535318425883{margin-top: -40px !important;}\u00a0\u00bb][vc_column][vc_column_text][\/vc_column_text][\/vc_column][\/vc_row][vc_row][vc_column][vc_column_text] Rencontrez nos offres! [\/vc_column_text][vc_column_text] Pour le moment, nous n&rsquo;avons pas d&rsquo;offres, pour \u00eatre toujours inform\u00e9, nous vous recommandons de vous abonner \u00e0 notre newsletter. [\/vc_column_text][\/vc_column][\/vc_row]<\/p>\n","protected":false},"author":1,"featured_media":0,"parent":0,"menu_order":0,"comment_status":"closed","ping_status":"closed","template":"","meta":[],"_links":{"self":[{"href":"https:\/\/www.conilsol.com\/fr\/wp-json\/wp\/v2\/pages\/557"}],"collection":[{"href":"https:\/\/www.conilsol.com\/fr\/wp-json\/wp\/v2\/pages"}],"about":[{"href":"https:\/\/www.conilsol.com\/fr\/wp-json\/wp\/v2\/types\/page"}],"author":[{"embeddable":true,"href":"https:\/\/www.conilsol.com\/fr\/wp-json\/wp\/v2\/users\/1"}],"replies":[{"embeddable":true,"href":"https:\/\/www.conilsol.com\/fr\/wp-json\/wp\/v2\/comments?post=557"}],"version-history":[{"count":1,"href":"https:\/\/www.conilsol.com\/fr\/wp-json\/wp\/v2\/pages\/557\/revisions"}],"predecessor-version":[{"id":558,"href":"https:\/\/www.conilsol.com\/fr\/wp-json\/wp\/v2\/pages\/557\/revisions\/558"}],"wp:attachment":[{"href":"https:\/\/www.conilsol.com\/fr\/wp-json\/wp\/v2\/media?parent=557"}],"curies":[{"name":"wp","href":"https:\/\/api.w.org\/{rel}","templated":true}]}}