{"id":554,"date":"2018-09-04T10:32:47","date_gmt":"2018-09-04T10:32:47","guid":{"rendered":"https:\/\/www.conilsol.com\/actividades\/"},"modified":"2019-11-30T20:38:52","modified_gmt":"2019-11-30T20:38:52","slug":"les-activites","status":"publish","type":"page","link":"https:\/\/www.conilsol.com\/fr\/les-activites\/","title":{"rendered":"Les activit\u00e9s"},"content":{"rendered":"<p>[vc_row type=\u00a0\u00bbvc_default\u00a0\u00bb full_width=\u00a0\u00bbstretch_row_content_no_spaces\u00a0\u00bb css=\u00a0\u00bb.vc_custom_1535318425883{margin-top: -40px !important;}\u00a0\u00bb][vc_column][vc_column_text]<img loading=\"lazy\" class=\"alignnone size-full wp-image-103\" src=\"https:\/\/www.conilsol.com\/wp-content\/uploads\/actividades-en-conil.jpg\" alt=\"\" width=\"1400\" height=\"700\" srcset=\"https:\/\/www.conilsol.com\/wp-content\/uploads\/actividades-en-conil.jpg 1400w, https:\/\/www.conilsol.com\/wp-content\/uploads\/actividades-en-conil-300x150.jpg 300w, https:\/\/www.conilsol.com\/wp-content\/uploads\/actividades-en-conil-768x384.jpg 768w, https:\/\/www.conilsol.com\/wp-content\/uploads\/actividades-en-conil-1024x512.jpg 1024w\" sizes=\"(max-width: 1400px) 100vw, 1400px\" \/>[\/vc_column_text][\/vc_column][\/vc_row][vc_row][vc_column][vc_column_text]<\/p>\n<h3>Quelles activit\u00e9s pouvez-vous faire \u00e0 Conil?<\/h3>\n<div style=\"text-align: justify;\">\n<p>Dans notre r\u00e9gion, vous pouvez organiser des sports aussi divers que le golf. Dans la r\u00e9gion se trouvent les terrains de golf de Monteenmedio, Novo Sancti Petri, La Loma, MonteCastillo ou le c\u00e9l\u00e8bre Valderrama Golf Club.<\/p>\n<p>Sur les plages de Conil, vous pourrez faire de longues promenades entre plus de 14 km de plages, faire du surf, de la planche \u00e0 voile ou du kitesurf, un sport qui attire de plus en plus d&rsquo;adeptes chaque jour. Vous pouvez \u00e9galement opter pour la pratique de la p\u00eache et vous procurer les fameux cont urtas, les vivaneaux, les sargos et les borriquetes.<\/p>\n<p>Vous pouvez \u00e9galement opter pour le VTT ou la randonn\u00e9e, car il existe plusieurs sentiers et plages avec des falaises dans la r\u00e9gion, \u00e9tant donn\u00e9 que Conil jouit encore de nombreuses zones vierges \u00e0 la campagne.<\/p>\n<\/div>\n<p>[\/vc_column_text][\/vc_column][\/vc_row][vc_row][vc_column][vc_media_grid element_width=\u00a0\u00bb2&Prime; initial_loading_animation=\u00a0\u00bbnone\u00a0\u00bb grid_id=\u00a0\u00bbvc_gid:1575146274340-2b82d584-5079-7&Prime; include=\u00a0\u00bb106,109,107,108,110,105&Prime;][\/vc_column][\/vc_row]<\/p>\n","protected":false},"excerpt":{"rendered":"<p>[vc_row type=\u00a0\u00bbvc_default\u00a0\u00bb full_width=\u00a0\u00bbstretch_row_content_no_spaces\u00a0\u00bb css=\u00a0\u00bb.vc_custom_1535318425883{margin-top: -40px !important;}\u00a0\u00bb][vc_column][vc_column_text][\/vc_column_text][\/vc_column][\/vc_row][vc_row][vc_column][vc_column_text] Quelles activit\u00e9s pouvez-vous faire \u00e0 Conil? Dans notre r\u00e9gion, vous pouvez organiser des sports aussi divers que le golf. Dans la r\u00e9gion se trouvent les terrains de golf de Monteenmedio, Novo Sancti Petri, La Loma, MonteCastillo ou le c\u00e9l\u00e8bre Valderrama Golf Club. Sur les plages de Conil, vous pourrez&hellip;<\/p>\n","protected":false},"author":1,"featured_media":0,"parent":0,"menu_order":0,"comment_status":"closed","ping_status":"closed","template":"","meta":[],"_links":{"self":[{"href":"https:\/\/www.conilsol.com\/fr\/wp-json\/wp\/v2\/pages\/554"}],"collection":[{"href":"https:\/\/www.conilsol.com\/fr\/wp-json\/wp\/v2\/pages"}],"about":[{"href":"https:\/\/www.conilsol.com\/fr\/wp-json\/wp\/v2\/types\/page"}],"author":[{"embeddable":true,"href":"https:\/\/www.conilsol.com\/fr\/wp-json\/wp\/v2\/users\/1"}],"replies":[{"embeddable":true,"href":"https:\/\/www.conilsol.com\/fr\/wp-json\/wp\/v2\/comments?post=554"}],"version-history":[{"count":1,"href":"https:\/\/www.conilsol.com\/fr\/wp-json\/wp\/v2\/pages\/554\/revisions"}],"predecessor-version":[{"id":555,"href":"https:\/\/www.conilsol.com\/fr\/wp-json\/wp\/v2\/pages\/554\/revisions\/555"}],"wp:attachment":[{"href":"https:\/\/www.conilsol.com\/fr\/wp-json\/wp\/v2\/media?parent=554"}],"curies":[{"name":"wp","href":"https:\/\/api.w.org\/{rel}","templated":true}]}}