{"id":549,"date":"2018-09-04T10:22:16","date_gmt":"2018-09-04T10:22:16","guid":{"rendered":"https:\/\/www.conilsol.com\/conil\/"},"modified":"2019-11-30T20:36:24","modified_gmt":"2019-11-30T20:36:24","slug":"conil","status":"publish","type":"page","link":"https:\/\/www.conilsol.com\/fr\/conil\/","title":{"rendered":"Conil"},"content":{"rendered":"<p>[vc_row type=\u00a0\u00bbvc_default\u00a0\u00bb full_width=\u00a0\u00bbstretch_row_content_no_spaces\u00a0\u00bb css=\u00a0\u00bb.vc_custom_1535318425883{margin-top: -40px !important;}\u00a0\u00bb][vc_column][vc_column_text]<img loading=\"lazy\" class=\"alignnone size-full wp-image-90\" src=\"https:\/\/www.conilsol.com\/wp-content\/uploads\/conil.jpg\" alt=\"\" width=\"1400\" height=\"700\" srcset=\"https:\/\/www.conilsol.com\/wp-content\/uploads\/conil.jpg 1400w, https:\/\/www.conilsol.com\/wp-content\/uploads\/conil-300x150.jpg 300w, https:\/\/www.conilsol.com\/wp-content\/uploads\/conil-768x384.jpg 768w, https:\/\/www.conilsol.com\/wp-content\/uploads\/conil-1024x512.jpg 1024w\" sizes=\"(max-width: 1400px) 100vw, 1400px\" \/>[\/vc_column_text][\/vc_column][\/vc_row][vc_row][vc_column][vc_column_text]<\/p>\n<h3>D\u00e9couvrez Conil !!!<\/h3>\n<div style=\"text-align: justify;\">\n<p>Conil, petite ville pittoresque. Sur 14 km de plages et de vastes for\u00eats de pins, c&rsquo;est un endroit id\u00e9al pour passer votre temps libre \u00e0 tout moment de l&rsquo;ann\u00e9e.<\/p>\n<p>L&rsquo;\u00e9t\u00e9 est le moment de la plus grande attraction pour la diversit\u00e9 des lieux, pour tous les go\u00fbts et tous les environnements, non seulement nationaux mais aussi internationaux. La vari\u00e9t\u00e9 de son littoral c\u00f4tier comprend un ensemble de plages (Bateles, Chorrillo Fontanilla, Roqueo, Fuente del Gallo et Puerco) et des criques (Puntalejos, Cala de Aceite, Roche, etc.), avec du sable fin et dor\u00e9 et des eaux transparentes cristallin, ainsi qu\u2019un port de p\u00eache.<\/p>\n<p>\u00c0 tout moment de l&rsquo;ann\u00e9e \u00e0 Conil, pour la gentillesse et l&rsquo;hospitalit\u00e9 de ses habitants, une atmosph\u00e8re calme et famili\u00e8re est v\u00e9cue. Vous pouvez \u00e9galement recr\u00e9er avec une simple promenade le long du littoral, au clair de lune lors de ses chaudes nuits d&rsquo;automne et de printemps. Regardez un magnifique coucher de soleil, faites une promenade \u00e0 cheval, visitez les cri\u00e9es de poisson et de produits de la ferme et passez un s\u00e9jour incomparable entre nous.<\/p>\n<\/div>\n<p>[\/vc_column_text][\/vc_column][\/vc_row][vc_row][vc_column][vc_media_grid element_width=\u00a0\u00bb2&Prime; initial_loading_animation=\u00a0\u00bbnone\u00a0\u00bb grid_id=\u00a0\u00bbvc_gid:1575146020974-7e799cbb-9a8b-6&Prime; include=\u00a0\u00bb93,94,95,96,97,98&Prime;][\/vc_column][\/vc_row][vc_row][vc_column][vc_column_text]<\/p>\n<h3>Costa de la Luz<\/h3>\n<div style=\"text-align: justify;\">\n<p>La Costa de la Luz est un univers diff\u00e9rent des nombreuses autres c\u00f4tes espagnoles. Elle se situe dans une partie de la c\u00f4te andalouse et offre une vue sur l&rsquo;oc\u00e9an Atlantique.<\/p>\n<p>La Costa de la Luz s\u2019\u00e9tend de la station touristique de Tarifa, qui est situ\u00e9e plus au sud de l\u2019Espagne, le long de la c\u00f4te et des villes de Huelva et Cadix.<\/p>\n<p>La Costa de la Luz est c\u00e9l\u00e8bre pour son bon vin, ses plages de sable et son climat chaud, ce qui en fait la destination id\u00e9ale pour les amoureux du soleil.<br \/>\nOutre ses magnifiques plages et son soleil, la Costa de la Luz offre de nombreuses autres options, notamment des activit\u00e9s de loisirs telles que le golf, des sports pour lesquels certains des meilleurs terrains d&rsquo;Europe sont disponibles et des sports nautiques.<\/p>\n<p>Une visite obligatoire pour ceux qui s&rsquo;int\u00e9ressent \u00e0 la nature est le parc national de Do\u00f1ana, c\u00e9l\u00e8bre pour sa beaut\u00e9 naturelle. La gastronomie de la Costa de la Luz refl\u00e8te le r\u00e9gime m\u00e9diterran\u00e9en traditionnel, avec du poisson frais, des l\u00e9gumes et de la viande. Cependant, comme dans le reste du sud de l&rsquo;Espagne, le plat r\u00e9gional traditionnel est le gaspacho et le riz, tous arros\u00e9s de sangria. La Costa de la Luz est la destination id\u00e9ale pour ceux qui recherchent une pause paisible et l&rsquo;endroit o\u00f9 vous pourrez vivre les \u00e9motions et le charme de la vraie Espagne.<\/p>\n<\/div>\n<p>[\/vc_column_text][\/vc_column][\/vc_row]<\/p>\n","protected":false},"excerpt":{"rendered":"<p>[vc_row type=\u00a0\u00bbvc_default\u00a0\u00bb full_width=\u00a0\u00bbstretch_row_content_no_spaces\u00a0\u00bb css=\u00a0\u00bb.vc_custom_1535318425883{margin-top: -40px !important;}\u00a0\u00bb][vc_column][vc_column_text][\/vc_column_text][\/vc_column][\/vc_row][vc_row][vc_column][vc_column_text] D\u00e9couvrez Conil !!! Conil, petite ville pittoresque. Sur 14 km de plages et de vastes for\u00eats de pins, c&rsquo;est un endroit id\u00e9al pour passer votre temps libre \u00e0 tout moment de l&rsquo;ann\u00e9e. L&rsquo;\u00e9t\u00e9 est le moment de la plus grande attraction pour la diversit\u00e9 des lieux, pour tous les&hellip;<\/p>\n","protected":false},"author":1,"featured_media":0,"parent":0,"menu_order":0,"comment_status":"closed","ping_status":"closed","template":"","meta":[],"_links":{"self":[{"href":"https:\/\/www.conilsol.com\/fr\/wp-json\/wp\/v2\/pages\/549"}],"collection":[{"href":"https:\/\/www.conilsol.com\/fr\/wp-json\/wp\/v2\/pages"}],"about":[{"href":"https:\/\/www.conilsol.com\/fr\/wp-json\/wp\/v2\/types\/page"}],"author":[{"embeddable":true,"href":"https:\/\/www.conilsol.com\/fr\/wp-json\/wp\/v2\/users\/1"}],"replies":[{"embeddable":true,"href":"https:\/\/www.conilsol.com\/fr\/wp-json\/wp\/v2\/comments?post=549"}],"version-history":[{"count":2,"href":"https:\/\/www.conilsol.com\/fr\/wp-json\/wp\/v2\/pages\/549\/revisions"}],"predecessor-version":[{"id":552,"href":"https:\/\/www.conilsol.com\/fr\/wp-json\/wp\/v2\/pages\/549\/revisions\/552"}],"wp:attachment":[{"href":"https:\/\/www.conilsol.com\/fr\/wp-json\/wp\/v2\/media?parent=549"}],"curies":[{"name":"wp","href":"https:\/\/api.w.org\/{rel}","templated":true}]}}