{"id":546,"date":"2018-09-04T10:06:13","date_gmt":"2018-09-04T10:06:13","guid":{"rendered":"https:\/\/www.conilsol.com\/nosotros\/"},"modified":"2019-11-30T20:32:21","modified_gmt":"2019-11-30T20:32:21","slug":"a-propos-de-nous","status":"publish","type":"page","link":"https:\/\/www.conilsol.com\/fr\/a-propos-de-nous\/","title":{"rendered":"\u00c0 Propos de nous"},"content":{"rendered":"<p>[vc_row type=\u00a0\u00bbvc_default\u00a0\u00bb full_width=\u00a0\u00bbstretch_row_content_no_spaces\u00a0\u00bb css=\u00a0\u00bb.vc_custom_1535318425883{margin-top: -40px !important;}\u00a0\u00bb][vc_column][vc_column_text]<img loading=\"lazy\" class=\"alignnone size-full wp-image-85\" src=\"https:\/\/www.conilsol.com\/wp-content\/uploads\/playa-de-conil.jpg\" alt=\"\" width=\"1400\" height=\"700\" srcset=\"https:\/\/www.conilsol.com\/wp-content\/uploads\/playa-de-conil.jpg 1400w, https:\/\/www.conilsol.com\/wp-content\/uploads\/playa-de-conil-300x150.jpg 300w, https:\/\/www.conilsol.com\/wp-content\/uploads\/playa-de-conil-768x384.jpg 768w, https:\/\/www.conilsol.com\/wp-content\/uploads\/playa-de-conil-1024x512.jpg 1024w\" sizes=\"(max-width: 1400px) 100vw, 1400px\" \/>[\/vc_column_text][\/vc_column][\/vc_row][vc_row][vc_column][vc_column_text]<\/p>\n<h3>Le meilleur prix et le meilleur service<\/h3>\n<div style=\"text-align: justify;\">\n<p>Nous sommes Roc\u00edo et Adolfo, propri\u00e9taires des logements que vous pouvez voir sur ce site, \u00e0 Conil Sol, vous pouvez voir les informations et les caract\u00e9ristiques de nos maisons.<\/p>\n<p>Si vous d\u00e9cidez de rester dans l&rsquo;une d&rsquo;elles, nous voulons que vous sachiez qu&rsquo;il est tr\u00e8s important pour nous de nous sentir chez nous. Nous nous occupons donc des d\u00e9tails pour les rendre confortables et bien entretenus.<\/p>\n<p>Nous avons plus de 20 ans d&rsquo;exp\u00e9rience dans la location de vacances et nos clients nous font confiance, ann\u00e9e apr\u00e8s ann\u00e9e.<\/p>\n<p>En nous contactant directement, vous \u00e9vitez de payer des commissions \u00e0 des interm\u00e9diaires et des portails de m\u00e9diation, en plus d&rsquo;avoir un contact direct et de pouvoir r\u00e9soudre les doutes \u00e9ventuels.<\/p>\n<p>N&rsquo;h\u00e9sitez pas, en plus d&rsquo;avoir le meilleur prix, vous aurez la meilleure attention.<\/p>\n<\/div>\n<p>[\/vc_column_text][\/vc_column][\/vc_row]<\/p>\n","protected":false},"excerpt":{"rendered":"<p>[vc_row type=\u00a0\u00bbvc_default\u00a0\u00bb full_width=\u00a0\u00bbstretch_row_content_no_spaces\u00a0\u00bb css=\u00a0\u00bb.vc_custom_1535318425883{margin-top: -40px !important;}\u00a0\u00bb][vc_column][vc_column_text][\/vc_column_text][\/vc_column][\/vc_row][vc_row][vc_column][vc_column_text] Le meilleur prix et le meilleur service Nous sommes Roc\u00edo et Adolfo, propri\u00e9taires des logements que vous pouvez voir sur ce site, \u00e0 Conil Sol, vous pouvez voir les informations et les caract\u00e9ristiques de nos maisons. Si vous d\u00e9cidez de rester dans l&rsquo;une d&rsquo;elles, nous voulons que vous sachiez&hellip;<\/p>\n","protected":false},"author":1,"featured_media":0,"parent":0,"menu_order":0,"comment_status":"closed","ping_status":"closed","template":"","meta":[],"_links":{"self":[{"href":"https:\/\/www.conilsol.com\/fr\/wp-json\/wp\/v2\/pages\/546"}],"collection":[{"href":"https:\/\/www.conilsol.com\/fr\/wp-json\/wp\/v2\/pages"}],"about":[{"href":"https:\/\/www.conilsol.com\/fr\/wp-json\/wp\/v2\/types\/page"}],"author":[{"embeddable":true,"href":"https:\/\/www.conilsol.com\/fr\/wp-json\/wp\/v2\/users\/1"}],"replies":[{"embeddable":true,"href":"https:\/\/www.conilsol.com\/fr\/wp-json\/wp\/v2\/comments?post=546"}],"version-history":[{"count":1,"href":"https:\/\/www.conilsol.com\/fr\/wp-json\/wp\/v2\/pages\/546\/revisions"}],"predecessor-version":[{"id":547,"href":"https:\/\/www.conilsol.com\/fr\/wp-json\/wp\/v2\/pages\/546\/revisions\/547"}],"wp:attachment":[{"href":"https:\/\/www.conilsol.com\/fr\/wp-json\/wp\/v2\/media?parent=546"}],"curies":[{"name":"wp","href":"https:\/\/api.w.org\/{rel}","templated":true}]}}