{"id":526,"date":"2018-10-01T21:51:30","date_gmt":"2018-10-01T21:51:30","guid":{"rendered":"https:\/\/www.conilsol.com\/casas\/villa-rural-amura\/"},"modified":"2019-11-30T20:06:37","modified_gmt":"2019-11-30T20:06:37","slug":"villa-rurale-amura","status":"publish","type":"page","link":"https:\/\/www.conilsol.com\/fr\/casas\/villa-rurale-amura\/","title":{"rendered":"Villa rurale \u201cAmura\u201c"},"content":{"rendered":"<p>[vc_row type=\u00a0\u00bbvc_default\u00a0\u00bb full_width=\u00a0\u00bbstretch_row_content_no_spaces\u00a0\u00bb css=\u00a0\u00bb.vc_custom_1535318425883{margin-top: -40px !important;}\u00a0\u00bb][vc_column][vc_column_text]<img loading=\"lazy\" class=\"alignnone size-full wp-image-230\" src=\"https:\/\/www.conilsol.com\/wp-content\/uploads\/Villa-Rural-Amura.jpg\" alt=\"\" width=\"1400\" height=\"700\" srcset=\"https:\/\/www.conilsol.com\/wp-content\/uploads\/Villa-Rural-Amura.jpg 1400w, https:\/\/www.conilsol.com\/wp-content\/uploads\/Villa-Rural-Amura-300x150.jpg 300w, https:\/\/www.conilsol.com\/wp-content\/uploads\/Villa-Rural-Amura-768x384.jpg 768w, https:\/\/www.conilsol.com\/wp-content\/uploads\/Villa-Rural-Amura-1024x512.jpg 1024w\" sizes=\"(max-width: 1400px) 100vw, 1400px\" \/>[\/vc_column_text][\/vc_column][\/vc_row][vc_row][vc_column width=\u00a0\u00bb1\/2&Prime;][vc_column_text]<\/p>\n<h3>Location de vacances, magnifique g\u00eete de charme, piscine priv\u00e9e, proche de la plage de Conil. Wifi 3 chambres et 2 salles de bain.<\/h3>\n<div style=\"text-align: justify;\">\n<p>Excellente villa rurale, dans la r\u00e9gion de Pinar de Roche, \u00e0 5 min. en voiture des plages de Roche, dans un quartier tr\u00e8s calme.<\/p>\n<p>Il a un jardin tropical avec des palmiers et des arbres qui fournissent de l&rsquo;ombre, la piscine est priv\u00e9e, le porche a des meubles de jardin, barbecue en brique.<\/p>\n<p>\u00c0 l&rsquo;int\u00e9rieur, il y a 3 chambres \u00e0 coucher, deux avec deux lits simples et la troisi\u00e8me avec un lit double, 2 salles de bain (une avec baignoire et l&rsquo;autre avec douche), chemin\u00e9e et TV. Satellite Astra. La cuisine est enti\u00e8rement \u00e9quip\u00e9e avec micro-ondes, lave-vaisselle, four, lave-linge, etc.<\/p>\n<p>Wifi GRATUIT (pour les locations d&rsquo;au moins 6 nuits)<\/p>\n<p>Air conditionn\u00e9 dans le salon et la chambre principale.<\/p>\n<p>INSCRIPTION DE LOGEMENT N\u00ba: VTAR\/CA\/00557<\/p>\n<\/div>\n<p>[\/vc_column_text][\/vc_column][vc_column width=\u00a0\u00bb1\/2&Prime;][vc_media_grid style=\u00a0\u00bbload-more\u00a0\u00bb items_per_page=\u00a0\u00bb16&Prime; element_width=\u00a0\u00bb3&Prime; item=\u00a0\u00bb72&Prime; btn_title=\u00a0\u00bbVoir plus d\u2019images\u00a0\u00bb btn_color=\u00a0\u00bbinfo\u00a0\u00bb btn_align=\u00a0\u00bbcenter\u00a0\u00bb initial_loading_animation=\u00a0\u00bbnone\u00a0\u00bb btn_button_block=\u00a0\u00bbtrue\u00a0\u00bb btn_add_icon=\u00a0\u00bbtrue\u00a0\u00bb btn_custom_onclick=\u00a0\u00bbtrue\u00a0\u00bb btn_smooth_scroll=\u00a0\u00bbtrue\u00a0\u00bb grid_id=\u00a0\u00bbvc_gid:1575143959925-7ab30698-3642-0&Prime; include=\u00a0\u00bb252,239,240,241,238,237,242,244,251,243,246,248,250,245,247,249,234,235,236,233,253,254&Prime;][\/vc_column][\/vc_row][vc_row type=\u00a0\u00bbvc_default\u00a0\u00bb full_width=\u00a0\u00bbstretch_row\u00a0\u00bb css=\u00a0\u00bb.vc_custom_1537657777881{background-color: #e2f0f4 !important;}\u00a0\u00bb][vc_column width=\u00a0\u00bb1\/3&Prime;][vc_icon icon_fontawesome=\u00a0\u00bbfa fa-bed\u00a0\u00bb color=\u00a0\u00bbwhite\u00a0\u00bb background_style=\u00a0\u00bbrounded\u00a0\u00bb background_color=\u00a0\u00bbsky\u00a0\u00bb size=\u00a0\u00bbxl\u00a0\u00bb align=\u00a0\u00bbcenter\u00a0\u00bb][vc_column_text]<\/p>\n<div style=\"text-align: center;\">\n<p><strong>G\u00c9N\u00c9RAL<\/strong>:<\/p>\n<p>M2 CONSTRUIT 120m2<br \/>\nCHAMBRES 3<br \/>\nPERSONNES 1\/6<br \/>\nLITS MARIAGE 1<br \/>\nLITS INDIVIDUELS 4<br \/>\nSALLES DE BAINS 2<br \/>\nT\u00e9l\u00e9vision<br \/>\nSATELLITE<br \/>\nWiFi<br \/>\nAIR CONDITIONN\u00c9<br \/>\nChauffage<br \/>\nLINGE DE LIT<br \/>\nSERVIETTES<br \/>\nChemin\u00e9e<br \/>\nDISTANCE DE LA PLAGE 3500 MTS.<\/p>\n<\/div>\n<p>[\/vc_column_text][\/vc_column][vc_column width=\u00a0\u00bb1\/3&Prime;][vc_icon icon_fontawesome=\u00a0\u00bbfa fa-car\u00a0\u00bb color=\u00a0\u00bbwhite\u00a0\u00bb background_style=\u00a0\u00bbrounded\u00a0\u00bb background_color=\u00a0\u00bbsky\u00a0\u00bb size=\u00a0\u00bbxl\u00a0\u00bb align=\u00a0\u00bbcenter\u00a0\u00bb][vc_column_text]<\/p>\n<div style=\"text-align: center;\">\n<p><strong>EXT\u00c9RIEUR<\/strong>:<\/p>\n<div class=\"icon-icon-45-cal-king\"><\/div>\n<p>M2 TERRAIN 480M2<br \/>\nPorche<br \/>\nBARBECUE<br \/>\nJARDIN<br \/>\nPiscine priv\u00e9e<br \/>\nParking pour 2 voitures<\/p>\n<\/div>\n<p>[\/vc_column_text][\/vc_column][vc_column width=\u00a0\u00bb1\/3&Prime;][vc_icon icon_fontawesome=\u00a0\u00bbfa fa-coffee\u00a0\u00bb color=\u00a0\u00bbwhite\u00a0\u00bb background_style=\u00a0\u00bbrounded\u00a0\u00bb background_color=\u00a0\u00bbsky\u00a0\u00bb size=\u00a0\u00bbxl\u00a0\u00bb align=\u00a0\u00bbcenter\u00a0\u00bb][vc_column_text]<\/p>\n<div style=\"text-align: center;\">\n<p><strong>CUISINE<\/strong>:<\/p>\n<p>VITROCERAMIC<br \/>\nAu four<br \/>\nMICRO-ONDES<br \/>\nLAVE-VAISSELLE<br \/>\nR\u00c9FRIG\u00c9RATEUR<br \/>\nCAPOT D&rsquo;EXTRACTION<br \/>\nRONDELLE<br \/>\nUSTENSILES DE CUISINE<br \/>\nMachine \u00e0 caf\u00e9<br \/>\nGrille pain<br \/>\nCHAUFFE EAU<br \/>\nTABLE DE FER<br \/>\nS\u00c8CHE-CHEVEUX<\/p>\n<\/div>\n<p>[\/vc_column_text][\/vc_column][\/vc_row][vc_row][vc_column width=\u00a0\u00bb1\/2&Prime;][vc_column_text]<\/p>\n<h4>Calendrier de disponibilit\u00e9<\/h4>\n<p>[\/vc_column_text][vc_column_text]\t\t<script>\r\n\t\t\tvar wpdevartBooking1 = {\r\n\t\t\t\tbooking_id : 1,\r\n\t\t\t\thours_enabled : 0,\r\n\t\t\t\tbooking_widget : 0,\r\n\t\t\t\tshow_day_info_on_hover : 1,\r\n\t\t\t\tcal_animation_type : \"\",\r\n\t\t\t\tbooking_widget : 0,\r\n\t\t\t\ttotal : \"Total\",\r\n\t\t\t\tprice : \"Price\",\r\n\t\t\t\toffset : 0,\r\n\t\t\t\tposition : \"after\",\r\n\t\t\t\tnight : 0,\r\n\t\t\t\tid : 3,\r\n\t\t\t\tcapcha_error : \"Was not verified by recaptcha\",\r\n\t\t\t\tconditions : '{\"count\":[\"\"],\"type\":[\"percent\"],\"percent\":[\"\"]}',\r\n\t\t\t\thours_conditions : '{\"count\":[\"\"],\"type\":[\"percent\"],\"percent\":[\"\"]}',\r\n\t\t\t\thide_price : 0,\r\n\t\t\t\tmax_item : \"\",\r\n\t\t\t\tmin_item : \"\",\r\n\t\t\t\terror_days : \"There are no services available for the period you selected.\",\r\n\t\t\t\terror_night : \"You must select at least two days\",\r\n\t\t\t\tmin : \"1\",\r\n\t\t\t\tmax : \"1000\",\r\n\t\t\t\tmin_hour : \"1\",\r\n\t\t\t\tmax_hour : \"1000\",\r\n\t\t\t\terror_min_day : \"You must select at least 1 days\",\r\n\t\t\t\terror_max_day : \"You must select lower than 1000 days\",\r\n\t\t\t\terror_min_hour : \"You must select at least 1 hours\",\r\n\t\t\t\terror_max_hour : \"You must select lower than 1000 hours\",\r\n\t\t\t\terror_day : \"There are no services available for this day.\"\r\n\t\t\t};\r\n\t\t<\/script>\r\n\t\t<style><\/style><div id='booking_calendar_main_container_1' class='booking_calendar_main_container   show_day_info_on_hover ' data-total='Total' data-price='Price' data-offset='0' data-position='after' data-night='0' data-id='3' data-booking_id='1'><div class='booking_calendar_container' id='booking_calendar_container_1'><div class='wpdevart-load-overlay'><div class='wpdevart-load-image'><i class='fa fa-spinner fa-spin'><\/i><\/div><\/div><div class='error_text_container div-for-clear'><span class='error_text'><\/span><span class='notice_text_close'><i class='fa fa-close'><\/i><\/span><\/div><div class='booking_calendar_main'><div class=\"wpda-booking-calendar-head \"><div class=\"wpda-previous\"><a href=\"?date=2026-04\" rel=\"nofollow, noindex\" class=\"wpdevart_link\"><span><<\/span><span class=\"wpda-month-name\"> Avr <\/span><\/a><\/div><div class=\"current-date-info\"><a href=\"?date=2025-05\" rel=\"nofollow, noindex\" class=\"wpdevart_link prev_year_info\"><<\/a><span class=\"wpda-current-year\">2026<\/span><a href=\"?date=2027-05-01\" rel=\"nofollow, noindex\" class=\"wpdevart_link next_year_info\">><\/a>&nbsp;<span class=\"wpda-current-month\">Mai<\/span><\/div><div class=\"wpda-next\"><a href=\"?date=2026-06-01\" rel=\"nofollow, noindex\" class=\"wpdevart_link\"><span class=\"wpda-month-name\"> Jui <\/span><span>><\/span><\/a><\/div><\/div><div class=\"wpdevart-calendar-container div-for-clear\"><div data-date=\"\" data-dateformat=\"Janvier 1, 1970\" data-currency=\"&#8364;\"  class=\"week-day-name week-start\"><div class=\"wpda-day-header\"><div class=\"div-for-clear\"><div class=\"wpda-day-number\"><span class=\"week-day-mobile\">Lu<\/span><span class=\"week-day-screen\">Lundi<\/span><\/div><\/div><\/div><\/div><div data-date=\"\" data-dateformat=\"Janvier 1, 1970\" data-currency=\"&#8364;\"  class=\"week-day-name\"><div class=\"wpda-day-header\"><div class=\"div-for-clear\"><div class=\"wpda-day-number\"><span class=\"week-day-mobile\">Ma<\/span><span class=\"week-day-screen\">Mardi<\/span><\/div><\/div><\/div><\/div><div data-date=\"\" data-dateformat=\"Janvier 1, 1970\" data-currency=\"&#8364;\"  class=\"week-day-name\"><div class=\"wpda-day-header\"><div class=\"div-for-clear\"><div class=\"wpda-day-number\"><span class=\"week-day-mobile\">Me<\/span><span class=\"week-day-screen\">Mercredi<\/span><\/div><\/div><\/div><\/div><div data-date=\"\" data-dateformat=\"Janvier 1, 1970\" data-currency=\"&#8364;\"  class=\"week-day-name\"><div class=\"wpda-day-header\"><div class=\"div-for-clear\"><div class=\"wpda-day-number\"><span class=\"week-day-mobile\">Je<\/span><span class=\"week-day-screen\">Jeudi<\/span><\/div><\/div><\/div><\/div><div data-date=\"\" data-dateformat=\"Janvier 1, 1970\" data-currency=\"&#8364;\"  class=\"week-day-name\"><div class=\"wpda-day-header\"><div class=\"div-for-clear\"><div class=\"wpda-day-number\"><span class=\"week-day-mobile\">Ve<\/span><span class=\"week-day-screen\">Vendredi<\/span><\/div><\/div><\/div><\/div><div data-date=\"\" data-dateformat=\"Janvier 1, 1970\" data-currency=\"&#8364;\"  class=\"week-day-name\"><div class=\"wpda-day-header\"><div class=\"div-for-clear\"><div class=\"wpda-day-number\"><span class=\"week-day-mobile\">Sa<\/span><span class=\"week-day-screen\">Samedi<\/span><\/div><\/div><\/div><\/div><div data-date=\"\" data-dateformat=\"Janvier 1, 1970\" data-currency=\"&#8364;\"  class=\"week-day-name\"><div class=\"wpda-day-header\"><div class=\"div-for-clear\"><div class=\"wpda-day-number\"><span class=\"week-day-mobile\">Di<\/span><span class=\"week-day-screen\">Dimanche<\/span><\/div><\/div><\/div><\/div><div data-date=\"2026-04-27\" data-dateformat=\"Avril 27, 2026\" data-currency=\"&#8364;\"  class=\"past-month-day wpdevart-day past-day available-day\"><div class=\"wpda-day-header\"><div class=\"div-for-clear\"><div class=\"wpda-day-number\">Avr 27<\/div><\/div><\/div><\/div><div data-date=\"2026-04-28\" data-dateformat=\"Avril 28, 2026\" data-currency=\"&#8364;\"  class=\"past-month-day wpdevart-day past-day available-day\"><div class=\"wpda-day-header\"><div class=\"div-for-clear\"><div class=\"wpda-day-number\">Avr 28<\/div><\/div><\/div><\/div><div data-date=\"2026-04-29\" data-dateformat=\"Avril 29, 2026\" data-currency=\"&#8364;\"  class=\"past-month-day wpdevart-day past-day available-day\"><div class=\"wpda-day-header\"><div class=\"div-for-clear\"><div class=\"wpda-day-number\">Avr 29<\/div><\/div><\/div><\/div><div data-date=\"2026-04-30\" data-dateformat=\"Avril 30, 2026\" data-currency=\"&#8364;\"  class=\"past-month-day wpdevart-day past-day available-day\"><div class=\"wpda-day-header\"><div class=\"div-for-clear\"><div class=\"wpda-day-number\">Avr 30<\/div><\/div><\/div><\/div><div data-date=\"2026-05-01\" data-dateformat=\"Mai 1, 2026\" data-currency=\"&#8364;\"  class=\"current-month-day wpdevart-day past-day available-day\"><div class=\"wpda-day-header\"><div class=\"div-for-clear\"><div class=\"wpda-day-number\">1<\/div><\/div><\/div><\/div><div data-date=\"2026-05-02\" data-dateformat=\"Mai 2, 2026\" data-currency=\"&#8364;\"  class=\"current-month-day wpdevart-day past-day weekend available-day\"><div class=\"wpda-day-header\"><div class=\"div-for-clear\"><div class=\"wpda-day-number\">2<\/div><\/div><\/div><\/div><div data-date=\"2026-05-03\" data-dateformat=\"Mai 3, 2026\" data-currency=\"&#8364;\"  class=\"current-month-day wpdevart-day past-day weekend available-day\"><div class=\"wpda-day-header\"><div class=\"div-for-clear\"><div class=\"wpda-day-number\">3<\/div><\/div><\/div><\/div><div data-date=\"2026-05-04\" data-dateformat=\"Mai 4, 2026\" data-currency=\"&#8364;\"  class=\"current-month-day wpdevart-day past-day available-day\"><div class=\"wpda-day-header\"><div class=\"div-for-clear\"><div class=\"wpda-day-number\">4<\/div><\/div><\/div><\/div><div data-date=\"2026-05-05\" data-dateformat=\"Mai 5, 2026\" data-currency=\"&#8364;\"  class=\"current-month-day wpdevart-day past-day available-day\"><div class=\"wpda-day-header\"><div class=\"div-for-clear\"><div class=\"wpda-day-number\">5<\/div><\/div><\/div><\/div><div data-date=\"2026-05-06\" data-dateformat=\"Mai 6, 2026\" data-currency=\"&#8364;\"  class=\"current-month-day wpdevart-day past-day available-day\"><div class=\"wpda-day-header\"><div class=\"div-for-clear\"><div class=\"wpda-day-number\">6<\/div><\/div><\/div><\/div><div data-date=\"2026-05-07\" data-dateformat=\"Mai 7, 2026\" data-currency=\"&#8364;\"  class=\"current-month-day wpdevart-day past-day available-day\"><div class=\"wpda-day-header\"><div class=\"div-for-clear\"><div class=\"wpda-day-number\">7<\/div><\/div><\/div><\/div><div data-date=\"2026-05-08\" data-dateformat=\"Mai 8, 2026\" data-currency=\"&#8364;\"  class=\"current-month-day wpdevart-day past-day available-day\"><div class=\"wpda-day-header\"><div class=\"div-for-clear\"><div class=\"wpda-day-number\">8<\/div><\/div><\/div><\/div><div data-date=\"2026-05-09\" data-dateformat=\"Mai 9, 2026\" data-currency=\"&#8364;\"  class=\"current-month-day wpdevart-day past-day weekend available-day\"><div class=\"wpda-day-header\"><div class=\"div-for-clear\"><div class=\"wpda-day-number\">9<\/div><\/div><\/div><\/div><div data-date=\"2026-05-10\" data-dateformat=\"Mai 10, 2026\" data-currency=\"&#8364;\"  class=\"current-month-day wpdevart-day past-day weekend available-day\"><div class=\"wpda-day-header\"><div class=\"div-for-clear\"><div class=\"wpda-day-number\">10<\/div><\/div><\/div><\/div><div data-date=\"2026-05-11\" data-dateformat=\"Mai 11, 2026\" data-currency=\"&#8364;\"  class=\"current-month-day wpdevart-day past-day available-day\"><div class=\"wpda-day-header\"><div class=\"div-for-clear\"><div class=\"wpda-day-number\">11<\/div><\/div><\/div><\/div><div data-date=\"2026-05-12\" data-dateformat=\"Mai 12, 2026\" data-currency=\"&#8364;\"  class=\"current-month-day wpdevart-day past-day available-day\"><div class=\"wpda-day-header\"><div class=\"div-for-clear\"><div class=\"wpda-day-number\">12<\/div><\/div><\/div><\/div><div data-date=\"2026-05-13\" data-dateformat=\"Mai 13, 2026\" data-currency=\"&#8364;\"  class=\"current-month-day wpdevart-day past-day available-day\"><div class=\"wpda-day-header\"><div class=\"div-for-clear\"><div class=\"wpda-day-number\">13<\/div><\/div><\/div><\/div><div data-date=\"2026-05-14\" data-dateformat=\"Mai 14, 2026\" data-currency=\"&#8364;\"  class=\"current-month-day wpdevart-day current-day available-day\"><div class=\"wpda-day-header\"><div class=\"div-for-clear\"><div class=\"wpda-day-number\">14<\/div><\/div><\/div><\/div><div data-date=\"2026-05-15\" data-dateformat=\"Mai 15, 2026\" data-currency=\"&#8364;\"  class=\"current-month-day wpdevart-day available-day\"><div class=\"wpda-day-header\"><div class=\"div-for-clear\"><div class=\"wpda-day-number\">15<\/div><\/div><\/div><\/div><div data-date=\"2026-05-16\" data-dateformat=\"Mai 16, 2026\" data-currency=\"&#8364;\"  class=\"current-month-day wpdevart-day weekend available-day\"><div class=\"wpda-day-header\"><div class=\"div-for-clear\"><div class=\"wpda-day-number\">16<\/div><\/div><\/div><\/div><div data-date=\"2026-05-17\" data-dateformat=\"Mai 17, 2026\" data-currency=\"&#8364;\"  class=\"current-month-day wpdevart-day weekend available-day\"><div class=\"wpda-day-header\"><div class=\"div-for-clear\"><div class=\"wpda-day-number\">17<\/div><\/div><\/div><\/div><div data-date=\"2026-05-18\" data-dateformat=\"Mai 18, 2026\" data-currency=\"&#8364;\"  class=\"current-month-day wpdevart-day available-day\"><div class=\"wpda-day-header\"><div class=\"div-for-clear\"><div class=\"wpda-day-number\">18<\/div><\/div><\/div><\/div><div data-date=\"2026-05-19\" data-dateformat=\"Mai 19, 2026\" data-currency=\"&#8364;\"  class=\"current-month-day wpdevart-day available-day\"><div class=\"wpda-day-header\"><div class=\"div-for-clear\"><div class=\"wpda-day-number\">19<\/div><\/div><\/div><\/div><div data-date=\"2026-05-20\" data-dateformat=\"Mai 20, 2026\" data-currency=\"&#8364;\"  class=\"current-month-day wpdevart-day available-day\"><div class=\"wpda-day-header\"><div class=\"div-for-clear\"><div class=\"wpda-day-number\">20<\/div><\/div><\/div><\/div><div data-date=\"2026-05-21\" data-dateformat=\"Mai 21, 2026\" data-currency=\"&#8364;\"  class=\"current-month-day wpdevart-day available-day\"><div class=\"wpda-day-header\"><div class=\"div-for-clear\"><div class=\"wpda-day-number\">21<\/div><\/div><\/div><\/div><div data-date=\"2026-05-22\" data-dateformat=\"Mai 22, 2026\" data-currency=\"&#8364;\"  class=\"current-month-day wpdevart-day available-day\"><div class=\"wpda-day-header\"><div class=\"div-for-clear\"><div class=\"wpda-day-number\">22<\/div><\/div><\/div><\/div><div data-date=\"2026-05-23\" data-dateformat=\"Mai 23, 2026\" data-currency=\"&#8364;\"  class=\"current-month-day wpdevart-day weekend available-day\"><div class=\"wpda-day-header\"><div class=\"div-for-clear\"><div class=\"wpda-day-number\">23<\/div><\/div><\/div><\/div><div data-date=\"2026-05-24\" data-dateformat=\"Mai 24, 2026\" data-currency=\"&#8364;\"  class=\"current-month-day wpdevart-day weekend available-day\"><div class=\"wpda-day-header\"><div class=\"div-for-clear\"><div class=\"wpda-day-number\">24<\/div><\/div><\/div><\/div><div data-date=\"2026-05-25\" data-dateformat=\"Mai 25, 2026\" data-currency=\"&#8364;\"  class=\"current-month-day wpdevart-day available-day\"><div class=\"wpda-day-header\"><div class=\"div-for-clear\"><div class=\"wpda-day-number\">25<\/div><\/div><\/div><\/div><div data-date=\"2026-05-26\" data-dateformat=\"Mai 26, 2026\" data-currency=\"&#8364;\"  class=\"current-month-day wpdevart-day available-day\"><div class=\"wpda-day-header\"><div class=\"div-for-clear\"><div class=\"wpda-day-number\">26<\/div><\/div><\/div><\/div><div data-date=\"2026-05-27\" data-dateformat=\"Mai 27, 2026\" data-currency=\"&#8364;\"  class=\"current-month-day wpdevart-day available-day\"><div class=\"wpda-day-header\"><div class=\"div-for-clear\"><div class=\"wpda-day-number\">27<\/div><\/div><\/div><\/div><div data-date=\"2026-05-28\" data-dateformat=\"Mai 28, 2026\" data-currency=\"&#8364;\"  class=\"current-month-day wpdevart-day available-day\"><div class=\"wpda-day-header\"><div class=\"div-for-clear\"><div class=\"wpda-day-number\">28<\/div><\/div><\/div><\/div><div data-date=\"2026-05-29\" data-dateformat=\"Mai 29, 2026\" data-currency=\"&#8364;\"  class=\"current-month-day wpdevart-day available-day\"><div class=\"wpda-day-header\"><div class=\"div-for-clear\"><div class=\"wpda-day-number\">29<\/div><\/div><\/div><\/div><div data-date=\"2026-05-30\" data-dateformat=\"Mai 30, 2026\" data-currency=\"&#8364;\"  class=\"current-month-day wpdevart-day weekend available-day\"><div class=\"wpda-day-header\"><div class=\"div-for-clear\"><div class=\"wpda-day-number\">30<\/div><\/div><\/div><\/div><div data-date=\"2026-05-31\" data-dateformat=\"Mai 31, 2026\" data-currency=\"&#8364;\"  class=\"current-month-day wpdevart-day weekend available-day\"><div class=\"wpda-day-header\"><div class=\"div-for-clear\"><div class=\"wpda-day-number\">31<\/div><\/div><\/div><\/div><\/div><div class=\"wpdevart-hours-container\"  ><div class=\"wpdevart-hours-overlay\"><div class=\"wpdevart-load-image\"><i class=\"fa fa-spinner fa-spin\"><\/i><\/div><\/div><div class=\"wpdevart-hours\"><\/div><\/div><div class=\"wpdevart-booking-legends div-for-clear\"><div class=\"wpdevart-legends-pending\"><div class=\"legend-text\"><span class=\"legend-div\"><\/span>-Reservado<\/div><\/div><\/div><\/div><\/div><div class=\"wpdevart-booking-form-container \" id=\"wpdevart_booking_form_1\"><div class=\"wpdevart-booking-form\"><form method=\"post\" class=\"div-for-clear\" enctype=\"multipart\/form-data\"><div class=\"wpdevart-check-section\"><input type=\"hidden\" id=\"wpdevart_form_checkin1\" name=\"wpdevart_form_checkin1\" ><label class=\"wpdevart_form_checkin wpdevart_none\">Check in<\/label><input type=\"hidden\" id=\"wpdevart_form_checkout1\" name=\"wpdevart_form_checkout1\" ><label class=\"wpdevart_form_checkout wpdevart_none\">Check out<\/label><\/div><input type=\"hidden\" class=\"wpdevart_extra_price_value\" id=\"wpdevart_extra_price_value1\" name=\"wpdevart_extra_price_value1\" value=\"\"><input type=\"hidden\" class=\"wpdevart_total_price_value\" id=\"wpdevart_total_price_value1\" name=\"wpdevart_total_price_value1\" value=\"\"><input type=\"hidden\" class=\"wpdevart_price_value\" id=\"wpdevart_price_value1\" name=\"wpdevart_price_value1\" value=\"\"><input type=\"hidden\" class=\"wpdevart_sale_type\" id=\"wpdevart_sale_type1\" name=\"wpdevart_sale_type1\" value=\"\"><input type=\"hidden\" name=\"id\" value=\"1\"><input type=\"hidden\" name=\"task\" value=\"save\"><\/form><\/div><\/div><\/div>[\/vc_column_text][\/vc_column][vc_column width=\u00a0\u00bb1\/2&Prime;][vc_column_text]<\/p>\n<h4>Livre \/ Demande d\u2019information<\/h4>\n<p>[\/vc_column_text]<div role=\"form\" class=\"wpcf7\" id=\"wpcf7-f530-o1\" lang=\"es-ES\" dir=\"ltr\">\n<div class=\"screen-reader-response\"><p role=\"status\" aria-live=\"polite\" aria-atomic=\"true\"><\/p> <ul><\/ul><\/div>\n<form action=\"\/fr\/wp-json\/wp\/v2\/pages\/526#wpcf7-f530-o1\" method=\"post\" class=\"wpcf7-form init\" novalidate=\"novalidate\" data-status=\"init\">\n<div style=\"display: none;\">\n<input type=\"hidden\" name=\"_wpcf7\" value=\"530\" \/>\n<input type=\"hidden\" name=\"_wpcf7_version\" value=\"5.3\" \/>\n<input type=\"hidden\" name=\"_wpcf7_locale\" value=\"es_ES\" \/>\n<input type=\"hidden\" name=\"_wpcf7_unit_tag\" value=\"wpcf7-f530-o1\" \/>\n<input type=\"hidden\" name=\"_wpcf7_container_post\" value=\"0\" \/>\n<input type=\"hidden\" name=\"_wpcf7_posted_data_hash\" value=\"\" \/>\n<input type=\"hidden\" name=\"_wpcf7_recaptcha_response\" value=\"\" \/>\n<\/div>\n<div style=\"background-color: #c3e7f8; padding: 15px;\">\n<span class=\"wpcf7-form-control-wrap your-name\"><input type=\"text\" name=\"your-name\" value=\"\" size=\"40\" class=\"wpcf7-form-control wpcf7-text wpcf7-validates-as-required\" aria-required=\"true\" aria-invalid=\"false\" placeholder=\"Nom et surnom*\" \/><\/span><br \/>\n<span class=\"wpcf7-form-control-wrap your-email\"><input type=\"email\" name=\"your-email\" value=\"\" size=\"40\" class=\"wpcf7-form-control wpcf7-text wpcf7-email wpcf7-validates-as-required wpcf7-validates-as-email\" aria-required=\"true\" aria-invalid=\"false\" placeholder=\"Email*\" \/><\/span><br \/>\n<span class=\"wpcf7-form-control-wrap text-690\"><input type=\"text\" name=\"text-690\" value=\"\" size=\"40\" class=\"wpcf7-form-control wpcf7-text\" aria-invalid=\"false\" placeholder=\"Adresse\" \/><\/span><br \/>\n<span class=\"wpcf7-form-control-wrap tel-802\"><input type=\"tel\" name=\"tel-802\" value=\"\" size=\"40\" class=\"wpcf7-form-control wpcf7-text wpcf7-tel wpcf7-validates-as-required wpcf7-validates-as-tel\" aria-required=\"true\" aria-invalid=\"false\" placeholder=\"T\u00e9l\u00e9phone portable*\" \/><\/span><br \/>\n<span class=\"wpcf7-form-control-wrap text-796\"><input type=\"text\" name=\"text-796\" value=\"\" size=\"40\" class=\"wpcf7-form-control wpcf7-text\" aria-invalid=\"false\" placeholder=\"Dates de r\u00e9servation\" \/><\/span><br \/>\n<span class=\"wpcf7-form-control-wrap text-691\"><input type=\"text\" name=\"text-691\" value=\"\" size=\"40\" class=\"wpcf7-form-control wpcf7-text\" aria-invalid=\"false\" placeholder=\"Nombre d&#039;adultes\" \/><\/span><br \/>\n<span class=\"wpcf7-form-control-wrap text-692\"><input type=\"text\" name=\"text-692\" value=\"\" size=\"40\" class=\"wpcf7-form-control wpcf7-text\" aria-invalid=\"false\" placeholder=\"Nombre d&#039;enfants\" \/><\/span><br \/>\n<span class=\"wpcf7-form-control-wrap your-message\"><textarea name=\"your-message\" cols=\"40\" rows=\"2\" class=\"wpcf7-form-control wpcf7-textarea\" aria-invalid=\"false\" placeholder=\"Message\"><\/textarea><\/span><\/p>\n\n<p><input type=\"submit\" value=\"Envoyer\" class=\"wpcf7-form-control wpcf7-submit\" \/>\n<\/p><\/div>\n<div class=\"wpcf7-response-output\" aria-hidden=\"true\"><\/div><\/form><\/div>[\/vc_column][\/vc_row][vc_row][vc_column][vc_column_text]<\/p>\n<h4>Emplacement<\/h4>\n<p>[\/vc_column_text][vc_gmaps link=\u00a0\u00bb#E-8_JTNDaWZyYW1lJTIwd2lkdGglM0QlMjIxMDI0JTIyJTIwaGVpZ2h0JTNEJTIyNDUwJTIyJTIwZnJhbWVib3JkZXIlM0QlMjIwJTIyJTIwc2Nyb2xsaW5nJTNEJTIybm8lMjIlMjBtYXJnaW5oZWlnaHQlM0QlMjIwJTIyJTIwbWFyZ2lud2lkdGglM0QlMjIwJTIyJTIwc3JjJTNEJTIyaHR0cHMlM0ElMkYlMkZtYXBzLmdvb2dsZS5lcyUyRm1hcHMlMkZtcyUzRmllJTNEVVRGOCUyNmFtcCUzQnNvdXJjZSUzRGVtYmVkJTI2YW1wJTNCbXNhJTNEMCUyNmFtcCUzQm1zaWQlM0QxMDc0OTA3MDM1NDUwNzAwMTQyOTcuMDAwNDcwYTg2NTMxZjkxZmE4YmEyJTI2YW1wJTNCbGwlM0QzNi4zMjQ4MDclMkMtNi4xMjU5OTQlMjZhbXAlM0JzcG4lM0QwLjAxNTIxMyUyQzAuMDc3MjQ4JTI2YW1wJTNCeiUzRDE0JTI2YW1wJTNCb3V0cHV0JTNEZW1iZWQlMjIlM0UlM0MlMkZpZnJhbWUlM0U=\u00a0\u00bb][\/vc_column][\/vc_row]<\/p>\n","protected":false},"excerpt":{"rendered":"<p>[vc_row type=\u00a0\u00bbvc_default\u00a0\u00bb full_width=\u00a0\u00bbstretch_row_content_no_spaces\u00a0\u00bb css=\u00a0\u00bb.vc_custom_1535318425883{margin-top: -40px !important;}\u00a0\u00bb][vc_column][vc_column_text][\/vc_column_text][\/vc_column][\/vc_row][vc_row][vc_column width=\u00a0\u00bb1\/2&Prime;][vc_column_text] Location de vacances, magnifique g\u00eete de charme, piscine priv\u00e9e, proche de la plage de Conil. Wifi 3 chambres et 2 salles de bain. Excellente villa rurale, dans la r\u00e9gion de Pinar de Roche, \u00e0 5 min. en voiture des plages de Roche, dans un quartier tr\u00e8s calme. Il&hellip;<\/p>\n","protected":false},"author":1,"featured_media":0,"parent":504,"menu_order":0,"comment_status":"closed","ping_status":"closed","template":"","meta":[],"_links":{"self":[{"href":"https:\/\/www.conilsol.com\/fr\/wp-json\/wp\/v2\/pages\/526"}],"collection":[{"href":"https:\/\/www.conilsol.com\/fr\/wp-json\/wp\/v2\/pages"}],"about":[{"href":"https:\/\/www.conilsol.com\/fr\/wp-json\/wp\/v2\/types\/page"}],"author":[{"embeddable":true,"href":"https:\/\/www.conilsol.com\/fr\/wp-json\/wp\/v2\/users\/1"}],"replies":[{"embeddable":true,"href":"https:\/\/www.conilsol.com\/fr\/wp-json\/wp\/v2\/comments?post=526"}],"version-history":[{"count":2,"href":"https:\/\/www.conilsol.com\/fr\/wp-json\/wp\/v2\/pages\/526\/revisions"}],"predecessor-version":[{"id":531,"href":"https:\/\/www.conilsol.com\/fr\/wp-json\/wp\/v2\/pages\/526\/revisions\/531"}],"up":[{"embeddable":true,"href":"https:\/\/www.conilsol.com\/fr\/wp-json\/wp\/v2\/pages\/504"}],"wp:attachment":[{"href":"https:\/\/www.conilsol.com\/fr\/wp-json\/wp\/v2\/media?parent=526"}],"curies":[{"name":"wp","href":"https:\/\/api.w.org\/{rel}","templated":true}]}}