{"id":504,"date":"2018-08-22T10:43:12","date_gmt":"2018-08-22T10:43:12","guid":{"rendered":"https:\/\/www.conilsol.com\/casas\/"},"modified":"2019-11-30T20:34:06","modified_gmt":"2019-11-30T20:34:06","slug":"casas","status":"publish","type":"page","link":"https:\/\/www.conilsol.com\/fr\/","title":{"rendered":"Maisons de vacances"},"content":{"rendered":"<p>[vc_row][vc_column][vc_column_text]<\/p>\n<h3>H\u00e9bergements \u00e0 Conil<\/h3>\n<div style=\"text-align: justify;\">\n<p>Nous vous proposons des locations de vacances \u00e0 Conil, au meilleur prix et sans interm\u00e9diaire. Avec la meilleure attention. Nous avons plus de vingt ans d&rsquo;exp\u00e9rience dans le secteur de la location de vacances.<\/p><\/div>\n<p>[\/vc_column_text][vc_btn title=\u00a0\u00bb\u00c0 propos de nous\u00a0\u00bb style=\u00a0\u00bbflat\u00a0\u00bb shape=\u00a0\u00bbsquare\u00a0\u00bb color=\u00a0\u00bbsky\u00a0\u00bb link=\u00a0\u00bburl:https%3A%2F%2Fwww.conilsol.com%2Ffr%2Fa-propos-de-nous%2F|||\u00a0\u00bb][\/vc_column][\/vc_row][vc_row][vc_column][vc_empty_space][vc_separator][\/vc_column][\/vc_row][vc_row][vc_column][vc_column_text]<\/p>\n<h3>Conna\u00eetre les maisons<\/h3>\n<p>[\/vc_column_text][\/vc_column][\/vc_row][vc_row][vc_column width=\u00a0\u00bb1\/3&Prime;][vc_column_text]<a href=\"https:\/\/www.conilsol.com\/fr\/casas\/maiso-de-vacances-la-buganvilla\/\"><img loading=\"lazy\" class=\"alignnone size-full wp-image-28\" src=\"https:\/\/www.conilsol.com\/wp-content\/uploads\/casa-1.jpg\" alt=\"\" width=\"1200\" height=\"600\" srcset=\"https:\/\/www.conilsol.com\/wp-content\/uploads\/casa-1.jpg 1200w, https:\/\/www.conilsol.com\/wp-content\/uploads\/casa-1-300x150.jpg 300w, https:\/\/www.conilsol.com\/wp-content\/uploads\/casa-1-768x384.jpg 768w, https:\/\/www.conilsol.com\/wp-content\/uploads\/casa-1-1024x512.jpg 1024w\" sizes=\"(max-width: 1200px) 100vw, 1200px\" \/><\/a><\/p>\n<h4><a href=\"https:\/\/www.conilsol.com\/fr\/casas\/maiso-de-vacances-la-buganvilla\/\">MAISON DE VACANCES \u201cLA BUGANVILLA\u201c &#8211; Conil<\/a><\/h4>\n<p>Magnifique villa rurale avec jardin tropical et piscine priv\u00e9e pr\u00e8s de la Fuente del Gallo, Conil[\/vc_column_text][vc_btn title=\u00a0\u00bbPlus d\u2019information\u00a0\u00bb style=\u00a0\u00bbflat\u00a0\u00bb shape=\u00a0\u00bbsquare\u00a0\u00bb color=\u00a0\u00bbsky\u00a0\u00bb link=\u00a0\u00bburl:https%3A%2F%2Fwww.conilsol.com%2Ffr%2Fcasas%2Fmaiso-de-vacances-la-buganvilla%2F|||\u00a0\u00bb css=\u00a0\u00bb.vc_custom_1575145276082{margin-top: -18px !important;}\u00a0\u00bb][vc_empty_space][\/vc_column][vc_column width=\u00a0\u00bb1\/3&Prime;][vc_column_text]<a href=\"https:\/\/www.conilsol.com\/fr\/casas\/exclusive-villa-el-cenador\/\"><img loading=\"lazy\" class=\"alignnone size-full wp-image-30\" src=\"https:\/\/www.conilsol.com\/wp-content\/uploads\/casa-2.jpg\" alt=\"\" width=\"1200\" height=\"600\" srcset=\"https:\/\/www.conilsol.com\/wp-content\/uploads\/casa-2.jpg 1200w, https:\/\/www.conilsol.com\/wp-content\/uploads\/casa-2-300x150.jpg 300w, https:\/\/www.conilsol.com\/wp-content\/uploads\/casa-2-768x384.jpg 768w, https:\/\/www.conilsol.com\/wp-content\/uploads\/casa-2-1024x512.jpg 1024w\" sizes=\"(max-width: 1200px) 100vw, 1200px\" \/><\/a><\/p>\n<h4><a href=\"https:\/\/www.conilsol.com\/fr\/casas\/exclusive-villa-el-cenador\/\">VILLA EXCLUSIVE \u00ab\u00a0EL CENADOR\u00a0\u00bb &#8211; Urb. Roche, Conil<\/a><\/h4>\n<p>Magnifique villa \u00e0 urb. Roche avec piscine priv\u00e9e \u00e0 500 m. de la plage, Wifi.[\/vc_column_text][vc_btn title=\u00a0\u00bbPlus d\u2019information\u00a0\u00bb style=\u00a0\u00bbflat\u00a0\u00bb shape=\u00a0\u00bbsquare\u00a0\u00bb color=\u00a0\u00bbsky\u00a0\u00bb link=\u00a0\u00bburl:https%3A%2F%2Fwww.conilsol.com%2Ffr%2Fcasas%2Fexclusive-villa-el-cenador%2F|||\u00a0\u00bb css=\u00a0\u00bb.vc_custom_1575145308803{margin-top: -18px !important;}\u00a0\u00bb][vc_empty_space][\/vc_column][vc_column width=\u00a0\u00bb1\/3&Prime;][vc_column_text]<a href=\"https:\/\/www.conilsol.com\/fr\/casas\/villa-rurale-amura\/\"><img loading=\"lazy\" class=\"alignnone size-full wp-image-31\" src=\"https:\/\/www.conilsol.com\/wp-content\/uploads\/casa-3.jpg\" alt=\"\" width=\"1200\" height=\"600\" srcset=\"https:\/\/www.conilsol.com\/wp-content\/uploads\/casa-3.jpg 1200w, https:\/\/www.conilsol.com\/wp-content\/uploads\/casa-3-300x150.jpg 300w, https:\/\/www.conilsol.com\/wp-content\/uploads\/casa-3-768x384.jpg 768w, https:\/\/www.conilsol.com\/wp-content\/uploads\/casa-3-1024x512.jpg 1024w\" sizes=\"(max-width: 1200px) 100vw, 1200px\" \/><\/a><\/p>\n<h4><a href=\"https:\/\/www.conilsol.com\/fr\/casas\/villa-rurale-amura\/\">VILLA RURALE \u00ab\u00a0AMURA\u00a0\u00bb &#8211; Pinar de Roche, Conil<\/a><\/h4>\n<p>Splendide villa rurale, piscine priv\u00e9e, pr\u00e8s de la plage de Conil.[\/vc_column_text][vc_btn title=\u00a0\u00bbPlus d\u2019information\u00a0\u00bb style=\u00a0\u00bbflat\u00a0\u00bb shape=\u00a0\u00bbsquare\u00a0\u00bb color=\u00a0\u00bbsky\u00a0\u00bb link=\u00a0\u00bburl:https%3A%2F%2Fwww.conilsol.com%2Ffr%2Fcasas%2Fvilla-rurale-amura%2F|||\u00a0\u00bb css=\u00a0\u00bb.vc_custom_1575145339293{margin-top: -18px !important;}\u00a0\u00bb][vc_empty_space][\/vc_column][\/vc_row][vc_row][vc_column width=\u00a0\u00bb1\/3&Prime;][vc_column_text]<a href=\"https:\/\/www.conilsol.com\/fr\/casas\/maison-de-ville-design-fragata\/\"><img loading=\"lazy\" class=\"alignnone size-full wp-image-32\" src=\"https:\/\/www.conilsol.com\/wp-content\/uploads\/casa-4.jpg\" alt=\"\" width=\"1200\" height=\"600\" srcset=\"https:\/\/www.conilsol.com\/wp-content\/uploads\/casa-4.jpg 1200w, https:\/\/www.conilsol.com\/wp-content\/uploads\/casa-4-300x150.jpg 300w, https:\/\/www.conilsol.com\/wp-content\/uploads\/casa-4-768x384.jpg 768w, https:\/\/www.conilsol.com\/wp-content\/uploads\/casa-4-1024x512.jpg 1024w\" sizes=\"(max-width: 1200px) 100vw, 1200px\" \/><\/a><\/p>\n<h4><a href=\"https:\/\/www.conilsol.com\/fr\/casas\/maison-de-ville-design-fragata\/\">MAISON DE VILLE DE DESIGN \u00abFRAGATA\u00bb &#8211; CONIL SOL<\/a><\/h4>\n<p>Maison mitoyenne de design, urbanisation priv\u00e9e. Piscine, plage \u00e0 300 m.[\/vc_column_text][vc_btn title=\u00a0\u00bbPlus d\u2019information\u00a0\u00bb style=\u00a0\u00bbflat\u00a0\u00bb shape=\u00a0\u00bbsquare\u00a0\u00bb color=\u00a0\u00bbsky\u00a0\u00bb link=\u00a0\u00bburl:https%3A%2F%2Fwww.conilsol.com%2Ffr%2Fcasas%2Fmaison-de-ville-design-fragata%2F|||\u00a0\u00bb css=\u00a0\u00bb.vc_custom_1575145369683{margin-top: -18px !important;}\u00a0\u00bb][vc_empty_space][\/vc_column][vc_column width=\u00a0\u00bb1\/3&Prime;][vc_column_text]<a href=\"https:\/\/www.conilsol.com\/fr\/casas\/penthouse-la-terraza\/\"><img loading=\"lazy\" class=\"alignnone size-full wp-image-33\" src=\"https:\/\/www.conilsol.com\/wp-content\/uploads\/casa-5.jpg\" alt=\"\" width=\"1200\" height=\"600\" srcset=\"https:\/\/www.conilsol.com\/wp-content\/uploads\/casa-5.jpg 1200w, https:\/\/www.conilsol.com\/wp-content\/uploads\/casa-5-300x150.jpg 300w, https:\/\/www.conilsol.com\/wp-content\/uploads\/casa-5-768x384.jpg 768w, https:\/\/www.conilsol.com\/wp-content\/uploads\/casa-5-1024x512.jpg 1024w\" sizes=\"(max-width: 1200px) 100vw, 1200px\" \/><\/a><\/p>\n<h4><a href=\"https:\/\/www.conilsol.com\/fr\/casas\/penthouse-la-terraza\/\">ATTIQUE \u00ab\u00a0LA TERRAZA\u00a0\u00bb &#8211; CONIL TOWN<\/a><\/h4>\n<p>Grand penthouse avec grande terrasse et solarium avec vue sur la mer, \u00e0 150 m. de la plage.[\/vc_column_text][vc_btn title=\u00a0\u00bbPlus d\u2019information\u00a0\u00bb style=\u00a0\u00bbflat\u00a0\u00bb shape=\u00a0\u00bbsquare\u00a0\u00bb color=\u00a0\u00bbsky\u00a0\u00bb link=\u00a0\u00bburl:https%3A%2F%2Fwww.conilsol.com%2Ffr%2Fcasas%2Fpenthouse-la-terraza%2F|||\u00a0\u00bb css=\u00a0\u00bb.vc_custom_1575145405507{margin-top: -18px !important;}\u00a0\u00bb][vc_empty_space][\/vc_column][vc_column width=\u00a0\u00bb1\/3&Prime;][\/vc_column][\/vc_row][vc_row type=\u00a0\u00bbvc_default\u00a0\u00bb disable_element=\u00a0\u00bbyes\u00a0\u00bb][vc_column][vc_separator][\/vc_column][\/vc_row][vc_row type=\u00a0\u00bbvc_default\u00a0\u00bb disable_element=\u00a0\u00bbyes\u00a0\u00bb][vc_column][vc_column_text]<\/p>\n<h3>Derni\u00e8res nouvelles<\/h3>\n<p>[\/vc_column_text][vc_masonry_grid post_type=\u00a0\u00bbpost\u00a0\u00bb max_items=\u00a0\u00bb3&Prime; item=\u00a0\u00bb170&Prime; initial_loading_animation=\u00a0\u00bbnone\u00a0\u00bb grid_id=\u00a0\u00bbvc_gid:1575145742670-18587e59-a660-4&Prime;][\/vc_column][\/vc_row]<\/p>\n","protected":false},"excerpt":{"rendered":"<p>[vc_row][vc_column][vc_column_text] H\u00e9bergements \u00e0 Conil Nous vous proposons des locations de vacances \u00e0 Conil, au meilleur prix et sans interm\u00e9diaire. Avec la meilleure attention. Nous avons plus de vingt ans d&rsquo;exp\u00e9rience dans le secteur de la location de vacances. [\/vc_column_text][vc_btn title=\u00a0\u00bb\u00c0 propos de nous\u00a0\u00bb style=\u00a0\u00bbflat\u00a0\u00bb shape=\u00a0\u00bbsquare\u00a0\u00bb color=\u00a0\u00bbsky\u00a0\u00bb link=\u00a0\u00bburl:https%3A%2F%2Fwww.conilsol.com%2Ffr%2Fa-propos-de-nous%2F|||\u00a0\u00bb][\/vc_column][\/vc_row][vc_row][vc_column][vc_empty_space][vc_separator][\/vc_column][\/vc_row][vc_row][vc_column][vc_column_text] Conna\u00eetre les maisons [\/vc_column_text][\/vc_column][\/vc_row][vc_row][vc_column width=\u00a0\u00bb1\/3&Prime;][vc_column_text] MAISON DE VACANCES&hellip;<\/p>\n","protected":false},"author":1,"featured_media":0,"parent":0,"menu_order":0,"comment_status":"closed","ping_status":"closed","template":"","meta":[],"_links":{"self":[{"href":"https:\/\/www.conilsol.com\/fr\/wp-json\/wp\/v2\/pages\/504"}],"collection":[{"href":"https:\/\/www.conilsol.com\/fr\/wp-json\/wp\/v2\/pages"}],"about":[{"href":"https:\/\/www.conilsol.com\/fr\/wp-json\/wp\/v2\/types\/page"}],"author":[{"embeddable":true,"href":"https:\/\/www.conilsol.com\/fr\/wp-json\/wp\/v2\/users\/1"}],"replies":[{"embeddable":true,"href":"https:\/\/www.conilsol.com\/fr\/wp-json\/wp\/v2\/comments?post=504"}],"version-history":[{"count":9,"href":"https:\/\/www.conilsol.com\/fr\/wp-json\/wp\/v2\/pages\/504\/revisions"}],"predecessor-version":[{"id":550,"href":"https:\/\/www.conilsol.com\/fr\/wp-json\/wp\/v2\/pages\/504\/revisions\/550"}],"wp:attachment":[{"href":"https:\/\/www.conilsol.com\/fr\/wp-json\/wp\/v2\/media?parent=504"}],"curies":[{"name":"wp","href":"https:\/\/api.w.org\/{rel}","templated":true}]}}