{"id":484,"date":"2018-10-01T22:33:20","date_gmt":"2018-10-01T22:33:20","guid":{"rendered":"https:\/\/www.conilsol.com\/casas\/apartment-la-terraza\/"},"modified":"2018-10-20T20:49:25","modified_gmt":"2018-10-20T20:49:25","slug":"ferienwohnung-la-terraza","status":"publish","type":"page","link":"https:\/\/www.conilsol.com\/de\/casas\/ferienwohnung-la-terraza\/","title":{"rendered":"Ferienwohnung \u201cLa Terraza\u201c"},"content":{"rendered":"<p>[vc_row type=&#8220;vc_default&#8220; full_width=&#8220;stretch_row_content_no_spaces&#8220; css=&#8220;.vc_custom_1535318425883{margin-top: -40px !important;}&#8220;][vc_column][vc_column_text]<img loading=\"lazy\" class=\"alignnone size-full wp-image-315\" src=\"https:\/\/www.conilsol.com\/wp-content\/uploads\/atico-la-terraza.jpg\" alt=\"\" width=\"1400\" height=\"700\" srcset=\"https:\/\/www.conilsol.com\/wp-content\/uploads\/atico-la-terraza.jpg 1400w, https:\/\/www.conilsol.com\/wp-content\/uploads\/atico-la-terraza-300x150.jpg 300w, https:\/\/www.conilsol.com\/wp-content\/uploads\/atico-la-terraza-768x384.jpg 768w, https:\/\/www.conilsol.com\/wp-content\/uploads\/atico-la-terraza-1024x512.jpg 1024w\" sizes=\"(max-width: 1400px) 100vw, 1400px\" \/>[\/vc_column_text][\/vc_column][\/vc_row][vc_row][vc_column width=&#8220;1\/2&#8243;][vc_column_text]<\/p>\n<h3>Penthouse mit gro\u00dfer Terrasse und Solarium mit Meerblick, Strand 150m.<\/h3>\n<div style=\"text-align: justify;\">\n<p><strong>Sch\u00f6ne Wohnung zur Ferienvermietung, mit gro\u00dfer privater Terrasse mit Blick auf das Meer, 150 m vom Strand entfernt<\/strong>.<\/p>\n<p>Penthouse &#8222;La Terraza&#8220; ideal f\u00fcr 2 Personen, 150 m zum Strand und 400 m. das Dorfzentrum (Torre de Guzman). Tolles Penthouse mit gro\u00dfer Terrasse und Solarium mit herrlichem Meerblick, im Jahr 2015 renoviert, sch\u00f6nes Wohnzimmer mit Klimaanlage, Fernseher. Led-und Satelliten-Kan\u00e4le, direkten Zugang zur Terrasse, Designer-K\u00fcche mit Ceranfeld, Backofen, Mikrowelle, Geschirrsp\u00fcler, K\u00fchlschrank mit Gefrierfach, alle mit hochwertigen Materialien, Terrasse mit Grill und Gartenm\u00f6beln, bietet auch Solarium mit H\u00e4ngematten und herrlichem Meerblick und Blick auf die Stadt.<\/p>\n<p>1 Schlafzimmer, f\u00fcr 2 Personen.<\/p>\n<p>Kostenloses Internet (Wifi) f\u00fcr einen Mindestaufenthalt von 7 N\u00e4chten.<\/p>\n<p>Accommodation registration number: VFT\/CA\/04236<\/p><\/div>\n<p>[\/vc_column_text][\/vc_column][vc_column width=&#8220;1\/2&#8243;][vc_media_grid style=&#8220;load-more&#8220; items_per_page=&#8220;12&#8243; element_width=&#8220;3&#8243; item=&#8220;72&#8243; btn_title=&#8220;Siehe mehr Bilder&#8220; btn_color=&#8220;info&#8220; btn_align=&#8220;center&#8220; initial_loading_animation=&#8220;none&#8220; grid_id=&#8220;vc_gid:1540068559467-048a13f6-f47b-9&#8243; include=&#8220;328,329,330,331,323,325,321,322,324,332,320,318,317,319,326,327&#8243; btn_button_block=&#8220;true&#8220; btn_add_icon=&#8220;true&#8220; btn_custom_onclick=&#8220;true&#8220; btn_smooth_scroll=&#8220;true&#8220;][\/vc_column][\/vc_row][vc_row type=&#8220;vc_default&#8220; full_width=&#8220;stretch_row&#8220; css=&#8220;.vc_custom_1537657777881{background-color: #e2f0f4 !important;}&#8220;][vc_column width=&#8220;1\/3&#8243;][vc_icon icon_fontawesome=&#8220;fa fa-bed&#8220; color=&#8220;white&#8220; background_style=&#8220;rounded&#8220; background_color=&#8220;sky&#8220; size=&#8220;xl&#8220; align=&#8220;center&#8220;][vc_column_text]<\/p>\n<div style=\"text-align: center;\">\n<p><strong>ALLGEMEINES<\/strong>:<\/p>\n<p>M2 BUILT 50m2<br \/>\nSchlafzimmer 1<br \/>\nMENSCHEN 1\/2<br \/>\nDOPPELBETTEN 1<br \/>\nBADEZIMMER 1<br \/>\nFernseher<br \/>\nSATELIT<br \/>\nWiFi &#8211; OPTISCHE FASER<br \/>\nHEIZUNG<br \/>\nKLIMAANLAGE<br \/>\nLeinen<br \/>\nHandt\u00fccher<br \/>\nSTRANDDISTANZ 150 M.<\/p><\/div>\n<p>[\/vc_column_text][\/vc_column][vc_column width=&#8220;1\/3&#8243;][vc_icon icon_fontawesome=&#8220;fa fa-car&#8220; color=&#8220;white&#8220; background_style=&#8220;rounded&#8220; background_color=&#8220;sky&#8220; size=&#8220;xl&#8220; align=&#8220;center&#8220;][vc_column_text]<\/p>\n<div style=\"text-align: center;\">\n<p><strong>DRAUSSEN<\/strong>:<\/p>\n<p>M2 PLOT 80M2<br \/>\nTerrasse 25 M2<br \/>\nSOLARIUM 25 M2<br \/>\nMeerblick vom SOLARIUM<br \/>\nGRILL<br \/>\nPARKEN: Sie k\u00f6nnen auf der Stra\u00dfe unter der Wohnung ohne Probleme parken.<\/p><\/div>\n<p>[\/vc_column_text][\/vc_column][vc_column width=&#8220;1\/3&#8243;][vc_icon icon_fontawesome=&#8220;fa fa-coffee&#8220; color=&#8220;white&#8220; background_style=&#8220;rounded&#8220; background_color=&#8220;sky&#8220; size=&#8220;xl&#8220; align=&#8220;center&#8220;][vc_column_text]<\/p>\n<div style=\"text-align: center;\">\n<p><strong>K\u00dcCHE<\/strong>:<\/p>\n<p>VITROCERAMISCH<br \/>\nOFEN<br \/>\nMIKROWELLE<br \/>\nGESCHIRRSP\u00dcLER<br \/>\nK\u00dcHLSCHRANK<br \/>\nABZUG<br \/>\nWASCHMASCHINE<br \/>\nK\u00dcCHENGER\u00c4TE<br \/>\nKAFFEEMASCHINE<br \/>\nTOASTER<br \/>\nWASSERKOCHER<br \/>\nB\u00dcGELTISCH<br \/>\nHAARTROCKNER<\/p><\/div>\n<p>[\/vc_column_text][\/vc_column][\/vc_row][vc_row][vc_column width=&#8220;1\/2&#8243;][vc_column_text]<\/p>\n<h4>Verf\u00fcgbarkeitskalender<\/h4>\n<p>[\/vc_column_text][vc_column_text]\t\t<script>\r\n\t\t\tvar wpdevartBooking1 = {\r\n\t\t\t\tbooking_id : 1,\r\n\t\t\t\thours_enabled : 0,\r\n\t\t\t\tbooking_widget : 0,\r\n\t\t\t\tshow_day_info_on_hover : 1,\r\n\t\t\t\tcal_animation_type : \"\",\r\n\t\t\t\tbooking_widget : 0,\r\n\t\t\t\ttotal : \"Total\",\r\n\t\t\t\tprice : \"Price\",\r\n\t\t\t\toffset : 0,\r\n\t\t\t\tposition : \"after\",\r\n\t\t\t\tnight : 0,\r\n\t\t\t\tid : 5,\r\n\t\t\t\tcapcha_error : \"Was not verified by recaptcha\",\r\n\t\t\t\tconditions : '{\"count\":[\"\"],\"type\":[\"percent\"],\"percent\":[\"\"]}',\r\n\t\t\t\thours_conditions : '{\"count\":[\"\"],\"type\":[\"percent\"],\"percent\":[\"\"]}',\r\n\t\t\t\thide_price : 0,\r\n\t\t\t\tmax_item : \"\",\r\n\t\t\t\tmin_item : \"\",\r\n\t\t\t\terror_days : \"There are no services available for the period you selected.\",\r\n\t\t\t\terror_night : \"You must select at least two days\",\r\n\t\t\t\tmin : \"1\",\r\n\t\t\t\tmax : \"1000\",\r\n\t\t\t\tmin_hour : \"1\",\r\n\t\t\t\tmax_hour : \"1000\",\r\n\t\t\t\terror_min_day : \"You must select at least 1 days\",\r\n\t\t\t\terror_max_day : \"You must select lower than 1000 days\",\r\n\t\t\t\terror_min_hour : \"You must select at least 1 hours\",\r\n\t\t\t\terror_max_hour : \"You must select lower than 1000 hours\",\r\n\t\t\t\terror_day : \"There are no services available for this day.\"\r\n\t\t\t};\r\n\t\t<\/script>\r\n\t\t<style><\/style><div id='booking_calendar_main_container_1' class='booking_calendar_main_container   show_day_info_on_hover ' data-total='Total' data-price='Price' data-offset='0' data-position='after' data-night='0' data-id='5' data-booking_id='1'><div class='booking_calendar_container' id='booking_calendar_container_1'><div class='wpdevart-load-overlay'><div class='wpdevart-load-image'><i class='fa fa-spinner fa-spin'><\/i><\/div><\/div><div class='error_text_container div-for-clear'><span class='error_text'><\/span><span class='notice_text_close'><i class='fa fa-close'><\/i><\/span><\/div><div class='booking_calendar_main'><div class=\"wpda-booking-calendar-head \"><div class=\"wpda-previous\"><a href=\"?date=2026-03\" rel=\"nofollow, noindex\" class=\"wpdevart_link\"><span><<\/span><span class=\"wpda-month-name\"> Mar <\/span><\/a><\/div><div class=\"current-date-info\"><a href=\"?date=2025-04\" rel=\"nofollow, noindex\" class=\"wpdevart_link prev_year_info\"><<\/a><span class=\"wpda-current-year\">2026<\/span><a href=\"?date=2027-04-01\" rel=\"nofollow, noindex\" class=\"wpdevart_link next_year_info\">><\/a>&nbsp;<span class=\"wpda-current-month\">April<\/span><\/div><div class=\"wpda-next\"><a href=\"?date=2026-05-01\" rel=\"nofollow, noindex\" class=\"wpdevart_link\"><span class=\"wpda-month-name\"> Mai <\/span><span>><\/span><\/a><\/div><\/div><div class=\"wpdevart-calendar-container div-for-clear\"><div data-date=\"\" data-dateformat=\"Januar 1, 1970\" data-currency=\"&#8364;\"  class=\"week-day-name week-start\"><div class=\"wpda-day-header\"><div class=\"div-for-clear\"><div class=\"wpda-day-number\"><span class=\"week-day-mobile\">Mo<\/span><span class=\"week-day-screen\">Montag<\/span><\/div><\/div><\/div><\/div><div data-date=\"\" data-dateformat=\"Januar 1, 1970\" data-currency=\"&#8364;\"  class=\"week-day-name\"><div class=\"wpda-day-header\"><div class=\"div-for-clear\"><div class=\"wpda-day-number\"><span class=\"week-day-mobile\">Di<\/span><span class=\"week-day-screen\">Dienstag<\/span><\/div><\/div><\/div><\/div><div data-date=\"\" data-dateformat=\"Januar 1, 1970\" data-currency=\"&#8364;\"  class=\"week-day-name\"><div class=\"wpda-day-header\"><div class=\"div-for-clear\"><div class=\"wpda-day-number\"><span class=\"week-day-mobile\">Mi<\/span><span class=\"week-day-screen\">Mittwoch<\/span><\/div><\/div><\/div><\/div><div data-date=\"\" data-dateformat=\"Januar 1, 1970\" data-currency=\"&#8364;\"  class=\"week-day-name\"><div class=\"wpda-day-header\"><div class=\"div-for-clear\"><div class=\"wpda-day-number\"><span class=\"week-day-mobile\">Do<\/span><span class=\"week-day-screen\">Donnerstag<\/span><\/div><\/div><\/div><\/div><div data-date=\"\" data-dateformat=\"Januar 1, 1970\" data-currency=\"&#8364;\"  class=\"week-day-name\"><div class=\"wpda-day-header\"><div class=\"div-for-clear\"><div class=\"wpda-day-number\"><span class=\"week-day-mobile\">Fr<\/span><span class=\"week-day-screen\">Freitag<\/span><\/div><\/div><\/div><\/div><div data-date=\"\" data-dateformat=\"Januar 1, 1970\" data-currency=\"&#8364;\"  class=\"week-day-name\"><div class=\"wpda-day-header\"><div class=\"div-for-clear\"><div class=\"wpda-day-number\"><span class=\"week-day-mobile\">Sa<\/span><span class=\"week-day-screen\">Samstag<\/span><\/div><\/div><\/div><\/div><div data-date=\"\" data-dateformat=\"Januar 1, 1970\" data-currency=\"&#8364;\"  class=\"week-day-name\"><div class=\"wpda-day-header\"><div class=\"div-for-clear\"><div class=\"wpda-day-number\"><span class=\"week-day-mobile\">So<\/span><span class=\"week-day-screen\">Sonntag<\/span><\/div><\/div><\/div><\/div><div data-date=\"2026-03-30\" data-dateformat=\"M\u00e4rz 30, 2026\" data-currency=\"&#8364;\"  class=\"past-month-day wpdevart-day past-day available-day\"><div class=\"wpda-day-header\"><div class=\"div-for-clear\"><div class=\"wpda-day-number\">Mar 30<\/div><\/div><\/div><\/div><div data-date=\"2026-03-31\" data-dateformat=\"M\u00e4rz 31, 2026\" data-currency=\"&#8364;\"  class=\"past-month-day wpdevart-day past-day available-day\"><div class=\"wpda-day-header\"><div class=\"div-for-clear\"><div class=\"wpda-day-number\">Mar 31<\/div><\/div><\/div><\/div><div data-date=\"2026-04-01\" data-dateformat=\"April 1, 2026\" data-currency=\"&#8364;\"  class=\"current-month-day wpdevart-day past-day available-day\"><div class=\"wpda-day-header\"><div class=\"div-for-clear\"><div class=\"wpda-day-number\">1<\/div><\/div><\/div><\/div><div data-date=\"2026-04-02\" data-dateformat=\"April 2, 2026\" data-currency=\"&#8364;\"  class=\"current-month-day wpdevart-day past-day available-day\"><div class=\"wpda-day-header\"><div class=\"div-for-clear\"><div class=\"wpda-day-number\">2<\/div><\/div><\/div><\/div><div data-date=\"2026-04-03\" data-dateformat=\"April 3, 2026\" data-currency=\"&#8364;\"  class=\"current-month-day wpdevart-day past-day available-day\"><div class=\"wpda-day-header\"><div class=\"div-for-clear\"><div class=\"wpda-day-number\">3<\/div><\/div><\/div><\/div><div data-date=\"2026-04-04\" data-dateformat=\"April 4, 2026\" data-currency=\"&#8364;\"  class=\"current-month-day wpdevart-day past-day weekend available-day\"><div class=\"wpda-day-header\"><div class=\"div-for-clear\"><div class=\"wpda-day-number\">4<\/div><\/div><\/div><\/div><div data-date=\"2026-04-05\" data-dateformat=\"April 5, 2026\" data-currency=\"&#8364;\"  class=\"current-month-day wpdevart-day past-day weekend available-day\"><div class=\"wpda-day-header\"><div class=\"div-for-clear\"><div class=\"wpda-day-number\">5<\/div><\/div><\/div><\/div><div data-date=\"2026-04-06\" data-dateformat=\"April 6, 2026\" data-currency=\"&#8364;\"  class=\"current-month-day wpdevart-day past-day available-day\"><div class=\"wpda-day-header\"><div class=\"div-for-clear\"><div class=\"wpda-day-number\">6<\/div><\/div><\/div><\/div><div data-date=\"2026-04-07\" data-dateformat=\"April 7, 2026\" data-currency=\"&#8364;\"  class=\"current-month-day wpdevart-day past-day available-day\"><div class=\"wpda-day-header\"><div class=\"div-for-clear\"><div class=\"wpda-day-number\">7<\/div><\/div><\/div><\/div><div data-date=\"2026-04-08\" data-dateformat=\"April 8, 2026\" data-currency=\"&#8364;\"  class=\"current-month-day wpdevart-day past-day available-day\"><div class=\"wpda-day-header\"><div class=\"div-for-clear\"><div class=\"wpda-day-number\">8<\/div><\/div><\/div><\/div><div data-date=\"2026-04-09\" data-dateformat=\"April 9, 2026\" data-currency=\"&#8364;\"  class=\"current-month-day wpdevart-day past-day available-day\"><div class=\"wpda-day-header\"><div class=\"div-for-clear\"><div class=\"wpda-day-number\">9<\/div><\/div><\/div><\/div><div data-date=\"2026-04-10\" data-dateformat=\"April 10, 2026\" data-currency=\"&#8364;\"  class=\"current-month-day wpdevart-day past-day available-day\"><div class=\"wpda-day-header\"><div class=\"div-for-clear\"><div class=\"wpda-day-number\">10<\/div><\/div><\/div><\/div><div data-date=\"2026-04-11\" data-dateformat=\"April 11, 2026\" data-currency=\"&#8364;\"  class=\"current-month-day wpdevart-day past-day weekend available-day\"><div class=\"wpda-day-header\"><div class=\"div-for-clear\"><div class=\"wpda-day-number\">11<\/div><\/div><\/div><\/div><div data-date=\"2026-04-12\" data-dateformat=\"April 12, 2026\" data-currency=\"&#8364;\"  class=\"current-month-day wpdevart-day past-day weekend available-day\"><div class=\"wpda-day-header\"><div class=\"div-for-clear\"><div class=\"wpda-day-number\">12<\/div><\/div><\/div><\/div><div data-date=\"2026-04-13\" data-dateformat=\"April 13, 2026\" data-currency=\"&#8364;\"  class=\"current-month-day wpdevart-day past-day available-day\"><div class=\"wpda-day-header\"><div class=\"div-for-clear\"><div class=\"wpda-day-number\">13<\/div><\/div><\/div><\/div><div data-date=\"2026-04-14\" data-dateformat=\"April 14, 2026\" data-currency=\"&#8364;\"  class=\"current-month-day wpdevart-day past-day available-day\"><div class=\"wpda-day-header\"><div class=\"div-for-clear\"><div class=\"wpda-day-number\">14<\/div><\/div><\/div><\/div><div data-date=\"2026-04-15\" data-dateformat=\"April 15, 2026\" data-currency=\"&#8364;\"  class=\"current-month-day wpdevart-day past-day available-day\"><div class=\"wpda-day-header\"><div class=\"div-for-clear\"><div class=\"wpda-day-number\">15<\/div><\/div><\/div><\/div><div data-date=\"2026-04-16\" data-dateformat=\"April 16, 2026\" data-currency=\"&#8364;\"  class=\"current-month-day wpdevart-day past-day available-day\"><div class=\"wpda-day-header\"><div class=\"div-for-clear\"><div class=\"wpda-day-number\">16<\/div><\/div><\/div><\/div><div data-date=\"2026-04-17\" data-dateformat=\"April 17, 2026\" data-currency=\"&#8364;\"  class=\"current-month-day wpdevart-day past-day available-day\"><div class=\"wpda-day-header\"><div class=\"div-for-clear\"><div class=\"wpda-day-number\">17<\/div><\/div><\/div><\/div><div data-date=\"2026-04-18\" data-dateformat=\"April 18, 2026\" data-currency=\"&#8364;\"  class=\"current-month-day wpdevart-day past-day weekend available-day\"><div class=\"wpda-day-header\"><div class=\"div-for-clear\"><div class=\"wpda-day-number\">18<\/div><\/div><\/div><\/div><div data-date=\"2026-04-19\" data-dateformat=\"April 19, 2026\" data-currency=\"&#8364;\"  class=\"current-month-day wpdevart-day past-day weekend available-day\"><div class=\"wpda-day-header\"><div class=\"div-for-clear\"><div class=\"wpda-day-number\">19<\/div><\/div><\/div><\/div><div data-date=\"2026-04-20\" data-dateformat=\"April 20, 2026\" data-currency=\"&#8364;\"  class=\"current-month-day wpdevart-day past-day available-day\"><div class=\"wpda-day-header\"><div class=\"div-for-clear\"><div class=\"wpda-day-number\">20<\/div><\/div><\/div><\/div><div data-date=\"2026-04-21\" data-dateformat=\"April 21, 2026\" data-currency=\"&#8364;\"  class=\"current-month-day wpdevart-day past-day available-day\"><div class=\"wpda-day-header\"><div class=\"div-for-clear\"><div class=\"wpda-day-number\">21<\/div><\/div><\/div><\/div><div data-date=\"2026-04-22\" data-dateformat=\"April 22, 2026\" data-currency=\"&#8364;\"  class=\"current-month-day wpdevart-day past-day available-day\"><div class=\"wpda-day-header\"><div class=\"div-for-clear\"><div class=\"wpda-day-number\">22<\/div><\/div><\/div><\/div><div data-date=\"2026-04-23\" data-dateformat=\"April 23, 2026\" data-currency=\"&#8364;\"  class=\"current-month-day wpdevart-day past-day available-day\"><div class=\"wpda-day-header\"><div class=\"div-for-clear\"><div class=\"wpda-day-number\">23<\/div><\/div><\/div><\/div><div data-date=\"2026-04-24\" data-dateformat=\"April 24, 2026\" data-currency=\"&#8364;\"  class=\"current-month-day wpdevart-day past-day available-day\"><div class=\"wpda-day-header\"><div class=\"div-for-clear\"><div class=\"wpda-day-number\">24<\/div><\/div><\/div><\/div><div data-date=\"2026-04-25\" data-dateformat=\"April 25, 2026\" data-currency=\"&#8364;\"  class=\"current-month-day wpdevart-day current-day weekend available-day\"><div class=\"wpda-day-header\"><div class=\"div-for-clear\"><div class=\"wpda-day-number\">25<\/div><\/div><\/div><\/div><div data-date=\"2026-04-26\" data-dateformat=\"April 26, 2026\" data-currency=\"&#8364;\"  class=\"current-month-day wpdevart-day weekend available-day\"><div class=\"wpda-day-header\"><div class=\"div-for-clear\"><div class=\"wpda-day-number\">26<\/div><\/div><\/div><\/div><div data-date=\"2026-04-27\" data-dateformat=\"April 27, 2026\" data-currency=\"&#8364;\"  class=\"current-month-day wpdevart-day available-day\"><div class=\"wpda-day-header\"><div class=\"div-for-clear\"><div class=\"wpda-day-number\">27<\/div><\/div><\/div><\/div><div data-date=\"2026-04-28\" data-dateformat=\"April 28, 2026\" data-currency=\"&#8364;\"  class=\"current-month-day wpdevart-day available-day\"><div class=\"wpda-day-header\"><div class=\"div-for-clear\"><div class=\"wpda-day-number\">28<\/div><\/div><\/div><\/div><div data-date=\"2026-04-29\" data-dateformat=\"April 29, 2026\" data-currency=\"&#8364;\"  class=\"current-month-day wpdevart-day available-day\"><div class=\"wpda-day-header\"><div class=\"div-for-clear\"><div class=\"wpda-day-number\">29<\/div><\/div><\/div><\/div><div data-date=\"2026-04-30\" data-dateformat=\"April 30, 2026\" data-currency=\"&#8364;\"  class=\"current-month-day wpdevart-day available-day\"><div class=\"wpda-day-header\"><div class=\"div-for-clear\"><div class=\"wpda-day-number\">30<\/div><\/div><\/div><\/div><div data-date=\"2026-05-01\" data-dateformat=\"Mai 1, 2026\" data-currency=\"&#8364;\"  class=\"next-month-day wpdevart-day available-day\"><div class=\"wpda-day-header\"><div class=\"div-for-clear\"><div class=\"wpda-day-number\">Mai 1<\/div><\/div><\/div><\/div><div data-date=\"2026-05-02\" data-dateformat=\"Mai 2, 2026\" data-currency=\"&#8364;\"  class=\"next-month-day wpdevart-day weekend available-day\"><div class=\"wpda-day-header\"><div class=\"div-for-clear\"><div class=\"wpda-day-number\">Mai 2<\/div><\/div><\/div><\/div><div data-date=\"2026-05-03\" data-dateformat=\"Mai 3, 2026\" data-currency=\"&#8364;\"  class=\"next-month-day wpdevart-day weekend available-day\"><div class=\"wpda-day-header\"><div class=\"div-for-clear\"><div class=\"wpda-day-number\">Mai 3<\/div><\/div><\/div><\/div><\/div><div class=\"wpdevart-hours-container\"  ><div class=\"wpdevart-hours-overlay\"><div class=\"wpdevart-load-image\"><i class=\"fa fa-spinner fa-spin\"><\/i><\/div><\/div><div class=\"wpdevart-hours\"><\/div><\/div><div class=\"wpdevart-booking-legends div-for-clear\"><div class=\"wpdevart-legends-pending\"><div class=\"legend-text\"><span class=\"legend-div\"><\/span>-Reservado<\/div><\/div><\/div><\/div><\/div><div class=\"wpdevart-booking-form-container \" id=\"wpdevart_booking_form_1\"><div class=\"wpdevart-booking-form\"><form method=\"post\" class=\"div-for-clear\" enctype=\"multipart\/form-data\"><div class=\"wpdevart-check-section\"><input type=\"hidden\" id=\"wpdevart_form_checkin1\" name=\"wpdevart_form_checkin1\" ><label class=\"wpdevart_form_checkin wpdevart_none\">Check in<\/label><input type=\"hidden\" id=\"wpdevart_form_checkout1\" name=\"wpdevart_form_checkout1\" ><label class=\"wpdevart_form_checkout wpdevart_none\">Check out<\/label><\/div><input type=\"hidden\" class=\"wpdevart_extra_price_value\" id=\"wpdevart_extra_price_value1\" name=\"wpdevart_extra_price_value1\" value=\"\"><input type=\"hidden\" class=\"wpdevart_total_price_value\" id=\"wpdevart_total_price_value1\" name=\"wpdevart_total_price_value1\" value=\"\"><input type=\"hidden\" class=\"wpdevart_price_value\" id=\"wpdevart_price_value1\" name=\"wpdevart_price_value1\" value=\"\"><input type=\"hidden\" class=\"wpdevart_sale_type\" id=\"wpdevart_sale_type1\" name=\"wpdevart_sale_type1\" value=\"\"><input type=\"hidden\" name=\"id\" value=\"1\"><input type=\"hidden\" name=\"task\" value=\"save\"><\/form><\/div><\/div><\/div>[\/vc_column_text][\/vc_column][vc_column width=&#8220;1\/2&#8243;][vc_column_text]<\/p>\n<h4>Buchen \/ Informationen anfordern<\/h4>\n<p>[\/vc_column_text]<div role=\"form\" class=\"wpcf7\" id=\"wpcf7-f467-o1\" lang=\"es-ES\" dir=\"ltr\">\n<div class=\"screen-reader-response\"><p role=\"status\" aria-live=\"polite\" aria-atomic=\"true\"><\/p> <ul><\/ul><\/div>\n<form action=\"\/de\/wp-json\/wp\/v2\/pages\/484#wpcf7-f467-o1\" method=\"post\" class=\"wpcf7-form init\" novalidate=\"novalidate\" data-status=\"init\">\n<div style=\"display: none;\">\n<input type=\"hidden\" name=\"_wpcf7\" value=\"467\" \/>\n<input type=\"hidden\" name=\"_wpcf7_version\" value=\"5.3\" \/>\n<input type=\"hidden\" name=\"_wpcf7_locale\" value=\"es_ES\" \/>\n<input type=\"hidden\" name=\"_wpcf7_unit_tag\" value=\"wpcf7-f467-o1\" \/>\n<input type=\"hidden\" name=\"_wpcf7_container_post\" value=\"0\" \/>\n<input type=\"hidden\" name=\"_wpcf7_posted_data_hash\" value=\"\" \/>\n<input type=\"hidden\" name=\"_wpcf7_recaptcha_response\" value=\"\" \/>\n<\/div>\n<div style=\"background-color: #c3e7f8; padding: 15px;\">\n<span class=\"wpcf7-form-control-wrap your-name\"><input type=\"text\" name=\"your-name\" value=\"\" size=\"40\" class=\"wpcf7-form-control wpcf7-text wpcf7-validates-as-required\" aria-required=\"true\" aria-invalid=\"false\" placeholder=\"Name und Nachname*\" \/><\/span><br \/>\n<span class=\"wpcf7-form-control-wrap your-email\"><input type=\"email\" name=\"your-email\" value=\"\" size=\"40\" class=\"wpcf7-form-control wpcf7-text wpcf7-email wpcf7-validates-as-required wpcf7-validates-as-email\" aria-required=\"true\" aria-invalid=\"false\" placeholder=\"Email*\" \/><\/span><br \/>\n<span class=\"wpcf7-form-control-wrap text-690\"><input type=\"text\" name=\"text-690\" value=\"\" size=\"40\" class=\"wpcf7-form-control wpcf7-text\" aria-invalid=\"false\" placeholder=\"Adresse\" \/><\/span><br \/>\n<span class=\"wpcf7-form-control-wrap tel-802\"><input type=\"tel\" name=\"tel-802\" value=\"\" size=\"40\" class=\"wpcf7-form-control wpcf7-text wpcf7-tel wpcf7-validates-as-required wpcf7-validates-as-tel\" aria-required=\"true\" aria-invalid=\"false\" placeholder=\"Mobiltelefon*\" \/><\/span><br \/>\n<span class=\"wpcf7-form-control-wrap text-796\"><input type=\"text\" name=\"text-796\" value=\"\" size=\"40\" class=\"wpcf7-form-control wpcf7-text\" aria-invalid=\"false\" placeholder=\"Buchungsdaten\" \/><\/span><br \/>\n<span class=\"wpcf7-form-control-wrap text-691\"><input type=\"text\" name=\"text-691\" value=\"\" size=\"40\" class=\"wpcf7-form-control wpcf7-text\" aria-invalid=\"false\" placeholder=\"Anzahl der Erwachsenen\" \/><\/span><br \/>\n<span class=\"wpcf7-form-control-wrap text-692\"><input type=\"text\" name=\"text-692\" value=\"\" size=\"40\" class=\"wpcf7-form-control wpcf7-text\" aria-invalid=\"false\" placeholder=\"Anzahl der Kinder\" \/><\/span><br \/>\n<span class=\"wpcf7-form-control-wrap your-message\"><textarea name=\"your-message\" cols=\"40\" rows=\"2\" class=\"wpcf7-form-control wpcf7-textarea\" aria-invalid=\"false\" placeholder=\"Botschaft\"><\/textarea><\/span><\/p>\n\n<p><input type=\"submit\" value=\"Senden\" class=\"wpcf7-form-control wpcf7-submit\" \/>\n<\/p><\/div>\n<div class=\"wpcf7-response-output\" aria-hidden=\"true\"><\/div><\/form><\/div>[\/vc_column][\/vc_row][vc_row][vc_column][vc_column_text]<\/p>\n<h4>Standort<\/h4>\n<p>[\/vc_column_text][vc_gmaps link=&#8220;#E-8_JTNDaWZyYW1lJTIwd2lkdGglM0QlMjIxMDI0JTIyJTIwaGVpZ2h0JTNEJTIyNDUwJTIyJTIwZnJhbWVib3JkZXIlM0QlMjIwJTIyJTIwc2Nyb2xsaW5nJTNEJTIybm8lMjIlMjBtYXJnaW5oZWlnaHQlM0QlMjIwJTIyJTIwbWFyZ2lud2lkdGglM0QlMjIwJTIyJTIwc3JjJTNEJTIyaHR0cHMlM0ElMkYlMkZtYXBzLmdvb2dsZS5lcyUyRm1hcHMlMkZtcyUzRmllJTNEVVRGOCUyNmFtcCUzQm1zYSUzRDAlMjZhbXAlM0Jtc2lkJTNEMTA3NDkwNzAzNTQ1MDcwMDE0Mjk3LjAwMDQ2MTU3N2Y1YzRiMDM1Mjk4NSUyNmFtcCUzQnNvdXJjZSUzRGVtYmVkJTI2YW1wJTNCcyUzREFBUlRzSnA3X1ZVaVlPS2xtNmVoNFluTnRNUkdGSU9sdnclMjZhbXAlM0JsbCUzRDM2LjI3NDI0MSUyQy02LjA4NDY2NiUyNmFtcCUzQnNwbiUzRDAuMDA2OTIlMkMwLjAzODYyNCUyNmFtcCUzQnolM0QxNSUyNmFtcCUzQm91dHB1dCUzRGVtYmVkJTIyJTNFJTNDJTJGaWZyYW1lJTNF&#8220;][\/vc_column][\/vc_row]<\/p>\n","protected":false},"excerpt":{"rendered":"<p>[vc_row type=&#8220;vc_default&#8220; full_width=&#8220;stretch_row_content_no_spaces&#8220; css=&#8220;.vc_custom_1535318425883{margin-top: -40px !important;}&#8220;][vc_column][vc_column_text][\/vc_column_text][\/vc_column][\/vc_row][vc_row][vc_column width=&#8220;1\/2&#8243;][vc_column_text] Penthouse mit gro\u00dfer Terrasse und Solarium mit Meerblick, Strand 150m. Sch\u00f6ne Wohnung zur Ferienvermietung, mit gro\u00dfer privater Terrasse mit Blick auf das Meer, 150 m vom Strand entfernt. Penthouse &#8222;La Terraza&#8220; ideal f\u00fcr 2 Personen, 150 m zum Strand und 400 m. das Dorfzentrum (Torre de Guzman). Tolles&hellip;<\/p>\n","protected":false},"author":1,"featured_media":0,"parent":427,"menu_order":0,"comment_status":"closed","ping_status":"closed","template":"","meta":[],"_links":{"self":[{"href":"https:\/\/www.conilsol.com\/de\/wp-json\/wp\/v2\/pages\/484"}],"collection":[{"href":"https:\/\/www.conilsol.com\/de\/wp-json\/wp\/v2\/pages"}],"about":[{"href":"https:\/\/www.conilsol.com\/de\/wp-json\/wp\/v2\/types\/page"}],"author":[{"embeddable":true,"href":"https:\/\/www.conilsol.com\/de\/wp-json\/wp\/v2\/users\/1"}],"replies":[{"embeddable":true,"href":"https:\/\/www.conilsol.com\/de\/wp-json\/wp\/v2\/comments?post=484"}],"version-history":[{"count":3,"href":"https:\/\/www.conilsol.com\/de\/wp-json\/wp\/v2\/pages\/484\/revisions"}],"predecessor-version":[{"id":487,"href":"https:\/\/www.conilsol.com\/de\/wp-json\/wp\/v2\/pages\/484\/revisions\/487"}],"up":[{"embeddable":true,"href":"https:\/\/www.conilsol.com\/de\/wp-json\/wp\/v2\/pages\/427"}],"wp:attachment":[{"href":"https:\/\/www.conilsol.com\/de\/wp-json\/wp\/v2\/media?parent=484"}],"curies":[{"name":"wp","href":"https:\/\/api.w.org\/{rel}","templated":true}]}}