{"id":474,"date":"2018-10-01T21:51:30","date_gmt":"2018-10-01T21:51:30","guid":{"rendered":"https:\/\/www.conilsol.com\/casas\/holiday-house-amura\/"},"modified":"2018-10-20T20:37:44","modified_gmt":"2018-10-20T20:37:44","slug":"ferienhaus-amura","status":"publish","type":"page","link":"https:\/\/www.conilsol.com\/de\/casas\/ferienhaus-amura\/","title":{"rendered":"Ferienhaus \u201cAmura\u201c"},"content":{"rendered":"<p>[vc_row type=&#8220;vc_default&#8220; full_width=&#8220;stretch_row_content_no_spaces&#8220; css=&#8220;.vc_custom_1535318425883{margin-top: -40px !important;}&#8220;][vc_column][vc_column_text]<img loading=\"lazy\" class=\"alignnone size-full wp-image-230\" src=\"https:\/\/www.conilsol.com\/wp-content\/uploads\/Villa-Rural-Amura.jpg\" alt=\"\" width=\"1400\" height=\"700\" srcset=\"https:\/\/www.conilsol.com\/wp-content\/uploads\/Villa-Rural-Amura.jpg 1400w, https:\/\/www.conilsol.com\/wp-content\/uploads\/Villa-Rural-Amura-300x150.jpg 300w, https:\/\/www.conilsol.com\/wp-content\/uploads\/Villa-Rural-Amura-768x384.jpg 768w, https:\/\/www.conilsol.com\/wp-content\/uploads\/Villa-Rural-Amura-1024x512.jpg 1024w\" sizes=\"(max-width: 1400px) 100vw, 1400px\" \/>[\/vc_column_text][\/vc_column][\/vc_row][vc_row][vc_column width=&#8220;1\/2&#8243;][vc_column_text]<\/p>\n<h3>Sch\u00f6ne l\u00e4ndliche Villa mit privatem Pool und tropischem Garten, nahe dem Strand.<\/h3>\n<div style=\"text-align: justify;\">\n<p>Sch\u00f6ne l\u00e4ndliche Villa in Roche Pinewood (Conil) in einer sehr ruhigen l\u00e4ndlichen Gegend, in einer Pinienwaldzone gelegen, wo Sie Natur und Ruhe genie\u00dfen k\u00f6nnen, nur 5 Autominuten von Conil und den \u00f6rtlichen Str\u00e4nden entfernt. Diese Villa besteht aus 3 Schlafzimmern, eines davon hat ein Doppelbett und das Badezimmer ist innen. Das Wohnzimmer hat einen Kamin. Das Haus hat zwei Badezimmer, eins mit Badewanne und das andere mit Dusche.<\/p>\n<p>Das Haus mit einer ungef\u00e4hren Oberfl\u00e4che von 120 m2 und 500 m2 tropischen Garten, mit einem sch\u00f6nen Pool und einem Grill.<\/p>\n<p>Die K\u00fcche ist komplett mit allen notwendigen Ger\u00e4ten und Zubeh\u00f6r f\u00fcr bis zu 6 Personen ausgestattet.Kostenloses Internet (Wifi) f\u00fcr einen Mindestaufenthalt von 7 N\u00e4chten.<\/p>\n<p>Klimaanlage im Wohnzimmer und Schlafzimmer.<\/p>\n<p>Registrierungsnummer der Unterkunft: VTAR \/ CA \/ 00557<\/p><\/div>\n<p>[\/vc_column_text][\/vc_column][vc_column width=&#8220;1\/2&#8243;][vc_media_grid style=&#8220;load-more&#8220; items_per_page=&#8220;16&#8243; element_width=&#8220;3&#8243; item=&#8220;72&#8243; btn_title=&#8220;Siehe mehr Bilder&#8220; btn_color=&#8220;info&#8220; btn_align=&#8220;center&#8220; initial_loading_animation=&#8220;none&#8220; grid_id=&#8220;vc_gid:1540067858377-0c890702-281c-0&#8243; include=&#8220;252,239,240,241,238,237,242,244,251,243,246,248,250,245,247,249,234,235,236,233,253,254&#8243; btn_button_block=&#8220;true&#8220; btn_add_icon=&#8220;true&#8220; btn_custom_onclick=&#8220;true&#8220; btn_smooth_scroll=&#8220;true&#8220;][\/vc_column][\/vc_row][vc_row type=&#8220;vc_default&#8220; full_width=&#8220;stretch_row&#8220; css=&#8220;.vc_custom_1537657777881{background-color: #e2f0f4 !important;}&#8220;][vc_column width=&#8220;1\/3&#8243;][vc_icon icon_fontawesome=&#8220;fa fa-bed&#8220; color=&#8220;white&#8220; background_style=&#8220;rounded&#8220; background_color=&#8220;sky&#8220; size=&#8220;xl&#8220; align=&#8220;center&#8220;][vc_column_text]<\/p>\n<div style=\"text-align: center;\">\n<p><strong>ALLGEMEINES<\/strong>:<\/p>\n<p>M2 BUILT 120m2<br \/>\nSchlafzimmer 3<br \/>\nMENSCHEN 1\/6<br \/>\nDOPPELBETTEN 1<br \/>\nINDIVIDUELLE BETTEN 4<br \/>\nBADEZIMMER 2<br \/>\nFernseher<br \/>\nSATELIT<br \/>\nW-lan<br \/>\nKLIMAANLAGE<br \/>\nHEIZUNG<br \/>\nLeinen<br \/>\nHandt\u00fccher<br \/>\nKAMIN<br \/>\nDISTANCE BEACH 3.500 MTS.<\/p><\/div>\n<p>[\/vc_column_text][\/vc_column][vc_column width=&#8220;1\/3&#8243;][vc_icon icon_fontawesome=&#8220;fa fa-car&#8220; color=&#8220;white&#8220; background_style=&#8220;rounded&#8220; background_color=&#8220;sky&#8220; size=&#8220;xl&#8220; align=&#8220;center&#8220;][vc_column_text]<\/p>\n<div style=\"text-align: center;\">\n<p><strong>DRAUSSEN<\/strong>:<\/p>\n<p>M2 PLOT 480M2<br \/>\nVERANDA<br \/>\nGRILL<br \/>\nGARTEN<br \/>\nPRIVATER POOL<br \/>\nParkplatz f\u00fcr 2 Autos<\/p><\/div>\n<p>[\/vc_column_text][\/vc_column][vc_column width=&#8220;1\/3&#8243;][vc_icon icon_fontawesome=&#8220;fa fa-coffee&#8220; color=&#8220;white&#8220; background_style=&#8220;rounded&#8220; background_color=&#8220;sky&#8220; size=&#8220;xl&#8220; align=&#8220;center&#8220;][vc_column_text]<\/p>\n<div style=\"text-align: center;\">\n<p><strong>K\u00dcCHE<\/strong>:<\/p>\n<p>VITROCERAMISCH<br \/>\nOFEN<br \/>\nMIKROWELLE<br \/>\nGESCHIRRSP\u00dcLER<br \/>\nK\u00dcHLSCHRANK<br \/>\nABZUG<br \/>\nWASCHMASCHINE<br \/>\nK\u00dcCHENGER\u00c4TE<br \/>\nKAFFEEMASCHINE<br \/>\nTOASTER<br \/>\nWASSERKOCHER<br \/>\nB\u00dcGELTISCH<br \/>\nHAARTROCKNER<\/p><\/div>\n<p>[\/vc_column_text][\/vc_column][\/vc_row][vc_row][vc_column width=&#8220;1\/2&#8243;][vc_column_text]<\/p>\n<h4>Verf\u00fcgbarkeitskalender<\/h4>\n<p>[\/vc_column_text][vc_column_text]\t\t<script>\r\n\t\t\tvar wpdevartBooking1 = {\r\n\t\t\t\tbooking_id : 1,\r\n\t\t\t\thours_enabled : 0,\r\n\t\t\t\tbooking_widget : 0,\r\n\t\t\t\tshow_day_info_on_hover : 1,\r\n\t\t\t\tcal_animation_type : \"\",\r\n\t\t\t\tbooking_widget : 0,\r\n\t\t\t\ttotal : \"Total\",\r\n\t\t\t\tprice : \"Price\",\r\n\t\t\t\toffset : 0,\r\n\t\t\t\tposition : \"after\",\r\n\t\t\t\tnight : 0,\r\n\t\t\t\tid : 3,\r\n\t\t\t\tcapcha_error : \"Was not verified by recaptcha\",\r\n\t\t\t\tconditions : '{\"count\":[\"\"],\"type\":[\"percent\"],\"percent\":[\"\"]}',\r\n\t\t\t\thours_conditions : '{\"count\":[\"\"],\"type\":[\"percent\"],\"percent\":[\"\"]}',\r\n\t\t\t\thide_price : 0,\r\n\t\t\t\tmax_item : \"\",\r\n\t\t\t\tmin_item : \"\",\r\n\t\t\t\terror_days : \"There are no services available for the period you selected.\",\r\n\t\t\t\terror_night : \"You must select at least two days\",\r\n\t\t\t\tmin : \"1\",\r\n\t\t\t\tmax : \"1000\",\r\n\t\t\t\tmin_hour : \"1\",\r\n\t\t\t\tmax_hour : \"1000\",\r\n\t\t\t\terror_min_day : \"You must select at least 1 days\",\r\n\t\t\t\terror_max_day : \"You must select lower than 1000 days\",\r\n\t\t\t\terror_min_hour : \"You must select at least 1 hours\",\r\n\t\t\t\terror_max_hour : \"You must select lower than 1000 hours\",\r\n\t\t\t\terror_day : \"There are no services available for this day.\"\r\n\t\t\t};\r\n\t\t<\/script>\r\n\t\t<style><\/style><div id='booking_calendar_main_container_1' class='booking_calendar_main_container   show_day_info_on_hover ' data-total='Total' data-price='Price' data-offset='0' data-position='after' data-night='0' data-id='3' data-booking_id='1'><div class='booking_calendar_container' id='booking_calendar_container_1'><div class='wpdevart-load-overlay'><div class='wpdevart-load-image'><i class='fa fa-spinner fa-spin'><\/i><\/div><\/div><div class='error_text_container div-for-clear'><span class='error_text'><\/span><span class='notice_text_close'><i class='fa fa-close'><\/i><\/span><\/div><div class='booking_calendar_main'><div class=\"wpda-booking-calendar-head \"><div class=\"wpda-previous\"><a href=\"?date=2026-04\" rel=\"nofollow, noindex\" class=\"wpdevart_link\"><span><<\/span><span class=\"wpda-month-name\"> Apr <\/span><\/a><\/div><div class=\"current-date-info\"><a href=\"?date=2025-05\" rel=\"nofollow, noindex\" class=\"wpdevart_link prev_year_info\"><<\/a><span class=\"wpda-current-year\">2026<\/span><a href=\"?date=2027-05-01\" rel=\"nofollow, noindex\" class=\"wpdevart_link next_year_info\">><\/a>&nbsp;<span class=\"wpda-current-month\">Mai<\/span><\/div><div class=\"wpda-next\"><a href=\"?date=2026-06-01\" rel=\"nofollow, noindex\" class=\"wpdevart_link\"><span class=\"wpda-month-name\"> Jun <\/span><span>><\/span><\/a><\/div><\/div><div class=\"wpdevart-calendar-container div-for-clear\"><div data-date=\"\" data-dateformat=\"Januar 1, 1970\" data-currency=\"&#8364;\"  class=\"week-day-name week-start\"><div class=\"wpda-day-header\"><div class=\"div-for-clear\"><div class=\"wpda-day-number\"><span class=\"week-day-mobile\">Mo<\/span><span class=\"week-day-screen\">Montag<\/span><\/div><\/div><\/div><\/div><div data-date=\"\" data-dateformat=\"Januar 1, 1970\" data-currency=\"&#8364;\"  class=\"week-day-name\"><div class=\"wpda-day-header\"><div class=\"div-for-clear\"><div class=\"wpda-day-number\"><span class=\"week-day-mobile\">Di<\/span><span class=\"week-day-screen\">Dienstag<\/span><\/div><\/div><\/div><\/div><div data-date=\"\" data-dateformat=\"Januar 1, 1970\" data-currency=\"&#8364;\"  class=\"week-day-name\"><div class=\"wpda-day-header\"><div class=\"div-for-clear\"><div class=\"wpda-day-number\"><span class=\"week-day-mobile\">Mi<\/span><span class=\"week-day-screen\">Mittwoch<\/span><\/div><\/div><\/div><\/div><div data-date=\"\" data-dateformat=\"Januar 1, 1970\" data-currency=\"&#8364;\"  class=\"week-day-name\"><div class=\"wpda-day-header\"><div class=\"div-for-clear\"><div class=\"wpda-day-number\"><span class=\"week-day-mobile\">Do<\/span><span class=\"week-day-screen\">Donnerstag<\/span><\/div><\/div><\/div><\/div><div data-date=\"\" data-dateformat=\"Januar 1, 1970\" data-currency=\"&#8364;\"  class=\"week-day-name\"><div class=\"wpda-day-header\"><div class=\"div-for-clear\"><div class=\"wpda-day-number\"><span class=\"week-day-mobile\">Fr<\/span><span class=\"week-day-screen\">Freitag<\/span><\/div><\/div><\/div><\/div><div data-date=\"\" data-dateformat=\"Januar 1, 1970\" data-currency=\"&#8364;\"  class=\"week-day-name\"><div class=\"wpda-day-header\"><div class=\"div-for-clear\"><div class=\"wpda-day-number\"><span class=\"week-day-mobile\">Sa<\/span><span class=\"week-day-screen\">Samstag<\/span><\/div><\/div><\/div><\/div><div data-date=\"\" data-dateformat=\"Januar 1, 1970\" data-currency=\"&#8364;\"  class=\"week-day-name\"><div class=\"wpda-day-header\"><div class=\"div-for-clear\"><div class=\"wpda-day-number\"><span class=\"week-day-mobile\">So<\/span><span class=\"week-day-screen\">Sonntag<\/span><\/div><\/div><\/div><\/div><div data-date=\"2026-04-27\" data-dateformat=\"April 27, 2026\" data-currency=\"&#8364;\"  class=\"past-month-day wpdevart-day past-day available-day\"><div class=\"wpda-day-header\"><div class=\"div-for-clear\"><div class=\"wpda-day-number\">Apr 27<\/div><\/div><\/div><\/div><div data-date=\"2026-04-28\" data-dateformat=\"April 28, 2026\" data-currency=\"&#8364;\"  class=\"past-month-day wpdevart-day past-day available-day\"><div class=\"wpda-day-header\"><div class=\"div-for-clear\"><div class=\"wpda-day-number\">Apr 28<\/div><\/div><\/div><\/div><div data-date=\"2026-04-29\" data-dateformat=\"April 29, 2026\" data-currency=\"&#8364;\"  class=\"past-month-day wpdevart-day past-day available-day\"><div class=\"wpda-day-header\"><div class=\"div-for-clear\"><div class=\"wpda-day-number\">Apr 29<\/div><\/div><\/div><\/div><div data-date=\"2026-04-30\" data-dateformat=\"April 30, 2026\" data-currency=\"&#8364;\"  class=\"past-month-day wpdevart-day past-day available-day\"><div class=\"wpda-day-header\"><div class=\"div-for-clear\"><div class=\"wpda-day-number\">Apr 30<\/div><\/div><\/div><\/div><div data-date=\"2026-05-01\" data-dateformat=\"Mai 1, 2026\" data-currency=\"&#8364;\"  class=\"current-month-day wpdevart-day past-day available-day\"><div class=\"wpda-day-header\"><div class=\"div-for-clear\"><div class=\"wpda-day-number\">1<\/div><\/div><\/div><\/div><div data-date=\"2026-05-02\" data-dateformat=\"Mai 2, 2026\" data-currency=\"&#8364;\"  class=\"current-month-day wpdevart-day past-day weekend available-day\"><div class=\"wpda-day-header\"><div class=\"div-for-clear\"><div class=\"wpda-day-number\">2<\/div><\/div><\/div><\/div><div data-date=\"2026-05-03\" data-dateformat=\"Mai 3, 2026\" data-currency=\"&#8364;\"  class=\"current-month-day wpdevart-day past-day weekend available-day\"><div class=\"wpda-day-header\"><div class=\"div-for-clear\"><div class=\"wpda-day-number\">3<\/div><\/div><\/div><\/div><div data-date=\"2026-05-04\" data-dateformat=\"Mai 4, 2026\" data-currency=\"&#8364;\"  class=\"current-month-day wpdevart-day past-day available-day\"><div class=\"wpda-day-header\"><div class=\"div-for-clear\"><div class=\"wpda-day-number\">4<\/div><\/div><\/div><\/div><div data-date=\"2026-05-05\" data-dateformat=\"Mai 5, 2026\" data-currency=\"&#8364;\"  class=\"current-month-day wpdevart-day past-day available-day\"><div class=\"wpda-day-header\"><div class=\"div-for-clear\"><div class=\"wpda-day-number\">5<\/div><\/div><\/div><\/div><div data-date=\"2026-05-06\" data-dateformat=\"Mai 6, 2026\" data-currency=\"&#8364;\"  class=\"current-month-day wpdevart-day past-day available-day\"><div class=\"wpda-day-header\"><div class=\"div-for-clear\"><div class=\"wpda-day-number\">6<\/div><\/div><\/div><\/div><div data-date=\"2026-05-07\" data-dateformat=\"Mai 7, 2026\" data-currency=\"&#8364;\"  class=\"current-month-day wpdevart-day past-day available-day\"><div class=\"wpda-day-header\"><div class=\"div-for-clear\"><div class=\"wpda-day-number\">7<\/div><\/div><\/div><\/div><div data-date=\"2026-05-08\" data-dateformat=\"Mai 8, 2026\" data-currency=\"&#8364;\"  class=\"current-month-day wpdevart-day past-day available-day\"><div class=\"wpda-day-header\"><div class=\"div-for-clear\"><div class=\"wpda-day-number\">8<\/div><\/div><\/div><\/div><div data-date=\"2026-05-09\" data-dateformat=\"Mai 9, 2026\" data-currency=\"&#8364;\"  class=\"current-month-day wpdevart-day past-day weekend available-day\"><div class=\"wpda-day-header\"><div class=\"div-for-clear\"><div class=\"wpda-day-number\">9<\/div><\/div><\/div><\/div><div data-date=\"2026-05-10\" data-dateformat=\"Mai 10, 2026\" data-currency=\"&#8364;\"  class=\"current-month-day wpdevart-day past-day weekend available-day\"><div class=\"wpda-day-header\"><div class=\"div-for-clear\"><div class=\"wpda-day-number\">10<\/div><\/div><\/div><\/div><div data-date=\"2026-05-11\" data-dateformat=\"Mai 11, 2026\" data-currency=\"&#8364;\"  class=\"current-month-day wpdevart-day past-day available-day\"><div class=\"wpda-day-header\"><div class=\"div-for-clear\"><div class=\"wpda-day-number\">11<\/div><\/div><\/div><\/div><div data-date=\"2026-05-12\" data-dateformat=\"Mai 12, 2026\" data-currency=\"&#8364;\"  class=\"current-month-day wpdevart-day past-day available-day\"><div class=\"wpda-day-header\"><div class=\"div-for-clear\"><div class=\"wpda-day-number\">12<\/div><\/div><\/div><\/div><div data-date=\"2026-05-13\" data-dateformat=\"Mai 13, 2026\" data-currency=\"&#8364;\"  class=\"current-month-day wpdevart-day past-day available-day\"><div class=\"wpda-day-header\"><div class=\"div-for-clear\"><div class=\"wpda-day-number\">13<\/div><\/div><\/div><\/div><div data-date=\"2026-05-14\" data-dateformat=\"Mai 14, 2026\" data-currency=\"&#8364;\"  class=\"current-month-day wpdevart-day current-day available-day\"><div class=\"wpda-day-header\"><div class=\"div-for-clear\"><div class=\"wpda-day-number\">14<\/div><\/div><\/div><\/div><div data-date=\"2026-05-15\" data-dateformat=\"Mai 15, 2026\" data-currency=\"&#8364;\"  class=\"current-month-day wpdevart-day available-day\"><div class=\"wpda-day-header\"><div class=\"div-for-clear\"><div class=\"wpda-day-number\">15<\/div><\/div><\/div><\/div><div data-date=\"2026-05-16\" data-dateformat=\"Mai 16, 2026\" data-currency=\"&#8364;\"  class=\"current-month-day wpdevart-day weekend available-day\"><div class=\"wpda-day-header\"><div class=\"div-for-clear\"><div class=\"wpda-day-number\">16<\/div><\/div><\/div><\/div><div data-date=\"2026-05-17\" data-dateformat=\"Mai 17, 2026\" data-currency=\"&#8364;\"  class=\"current-month-day wpdevart-day weekend available-day\"><div class=\"wpda-day-header\"><div class=\"div-for-clear\"><div class=\"wpda-day-number\">17<\/div><\/div><\/div><\/div><div data-date=\"2026-05-18\" data-dateformat=\"Mai 18, 2026\" data-currency=\"&#8364;\"  class=\"current-month-day wpdevart-day available-day\"><div class=\"wpda-day-header\"><div class=\"div-for-clear\"><div class=\"wpda-day-number\">18<\/div><\/div><\/div><\/div><div data-date=\"2026-05-19\" data-dateformat=\"Mai 19, 2026\" data-currency=\"&#8364;\"  class=\"current-month-day wpdevart-day available-day\"><div class=\"wpda-day-header\"><div class=\"div-for-clear\"><div class=\"wpda-day-number\">19<\/div><\/div><\/div><\/div><div data-date=\"2026-05-20\" data-dateformat=\"Mai 20, 2026\" data-currency=\"&#8364;\"  class=\"current-month-day wpdevart-day available-day\"><div class=\"wpda-day-header\"><div class=\"div-for-clear\"><div class=\"wpda-day-number\">20<\/div><\/div><\/div><\/div><div data-date=\"2026-05-21\" data-dateformat=\"Mai 21, 2026\" data-currency=\"&#8364;\"  class=\"current-month-day wpdevart-day available-day\"><div class=\"wpda-day-header\"><div class=\"div-for-clear\"><div class=\"wpda-day-number\">21<\/div><\/div><\/div><\/div><div data-date=\"2026-05-22\" data-dateformat=\"Mai 22, 2026\" data-currency=\"&#8364;\"  class=\"current-month-day wpdevart-day available-day\"><div class=\"wpda-day-header\"><div class=\"div-for-clear\"><div class=\"wpda-day-number\">22<\/div><\/div><\/div><\/div><div data-date=\"2026-05-23\" data-dateformat=\"Mai 23, 2026\" data-currency=\"&#8364;\"  class=\"current-month-day wpdevart-day weekend available-day\"><div class=\"wpda-day-header\"><div class=\"div-for-clear\"><div class=\"wpda-day-number\">23<\/div><\/div><\/div><\/div><div data-date=\"2026-05-24\" data-dateformat=\"Mai 24, 2026\" data-currency=\"&#8364;\"  class=\"current-month-day wpdevart-day weekend available-day\"><div class=\"wpda-day-header\"><div class=\"div-for-clear\"><div class=\"wpda-day-number\">24<\/div><\/div><\/div><\/div><div data-date=\"2026-05-25\" data-dateformat=\"Mai 25, 2026\" data-currency=\"&#8364;\"  class=\"current-month-day wpdevart-day available-day\"><div class=\"wpda-day-header\"><div class=\"div-for-clear\"><div class=\"wpda-day-number\">25<\/div><\/div><\/div><\/div><div data-date=\"2026-05-26\" data-dateformat=\"Mai 26, 2026\" data-currency=\"&#8364;\"  class=\"current-month-day wpdevart-day available-day\"><div class=\"wpda-day-header\"><div class=\"div-for-clear\"><div class=\"wpda-day-number\">26<\/div><\/div><\/div><\/div><div data-date=\"2026-05-27\" data-dateformat=\"Mai 27, 2026\" data-currency=\"&#8364;\"  class=\"current-month-day wpdevart-day available-day\"><div class=\"wpda-day-header\"><div class=\"div-for-clear\"><div class=\"wpda-day-number\">27<\/div><\/div><\/div><\/div><div data-date=\"2026-05-28\" data-dateformat=\"Mai 28, 2026\" data-currency=\"&#8364;\"  class=\"current-month-day wpdevart-day available-day\"><div class=\"wpda-day-header\"><div class=\"div-for-clear\"><div class=\"wpda-day-number\">28<\/div><\/div><\/div><\/div><div data-date=\"2026-05-29\" data-dateformat=\"Mai 29, 2026\" data-currency=\"&#8364;\"  class=\"current-month-day wpdevart-day available-day\"><div class=\"wpda-day-header\"><div class=\"div-for-clear\"><div class=\"wpda-day-number\">29<\/div><\/div><\/div><\/div><div data-date=\"2026-05-30\" data-dateformat=\"Mai 30, 2026\" data-currency=\"&#8364;\"  class=\"current-month-day wpdevart-day weekend available-day\"><div class=\"wpda-day-header\"><div class=\"div-for-clear\"><div class=\"wpda-day-number\">30<\/div><\/div><\/div><\/div><div data-date=\"2026-05-31\" data-dateformat=\"Mai 31, 2026\" data-currency=\"&#8364;\"  class=\"current-month-day wpdevart-day weekend available-day\"><div class=\"wpda-day-header\"><div class=\"div-for-clear\"><div class=\"wpda-day-number\">31<\/div><\/div><\/div><\/div><\/div><div class=\"wpdevart-hours-container\"  ><div class=\"wpdevart-hours-overlay\"><div class=\"wpdevart-load-image\"><i class=\"fa fa-spinner fa-spin\"><\/i><\/div><\/div><div class=\"wpdevart-hours\"><\/div><\/div><div class=\"wpdevart-booking-legends div-for-clear\"><div class=\"wpdevart-legends-pending\"><div class=\"legend-text\"><span class=\"legend-div\"><\/span>-Reservado<\/div><\/div><\/div><\/div><\/div><div class=\"wpdevart-booking-form-container \" id=\"wpdevart_booking_form_1\"><div class=\"wpdevart-booking-form\"><form method=\"post\" class=\"div-for-clear\" enctype=\"multipart\/form-data\"><div class=\"wpdevart-check-section\"><input type=\"hidden\" id=\"wpdevart_form_checkin1\" name=\"wpdevart_form_checkin1\" ><label class=\"wpdevart_form_checkin wpdevart_none\">Check in<\/label><input type=\"hidden\" id=\"wpdevart_form_checkout1\" name=\"wpdevart_form_checkout1\" ><label class=\"wpdevart_form_checkout wpdevart_none\">Check out<\/label><\/div><input type=\"hidden\" class=\"wpdevart_extra_price_value\" id=\"wpdevart_extra_price_value1\" name=\"wpdevart_extra_price_value1\" value=\"\"><input type=\"hidden\" class=\"wpdevart_total_price_value\" id=\"wpdevart_total_price_value1\" name=\"wpdevart_total_price_value1\" value=\"\"><input type=\"hidden\" class=\"wpdevart_price_value\" id=\"wpdevart_price_value1\" name=\"wpdevart_price_value1\" value=\"\"><input type=\"hidden\" class=\"wpdevart_sale_type\" id=\"wpdevart_sale_type1\" name=\"wpdevart_sale_type1\" value=\"\"><input type=\"hidden\" name=\"id\" value=\"1\"><input type=\"hidden\" name=\"task\" value=\"save\"><\/form><\/div><\/div><\/div>[\/vc_column_text][\/vc_column][vc_column width=&#8220;1\/2&#8243;][vc_column_text]<\/p>\n<h4>Buchen \/ Informationen anfordern<\/h4>\n<p>[\/vc_column_text]<div role=\"form\" class=\"wpcf7\" id=\"wpcf7-f469-o1\" lang=\"es-ES\" dir=\"ltr\">\n<div class=\"screen-reader-response\"><p role=\"status\" aria-live=\"polite\" aria-atomic=\"true\"><\/p> <ul><\/ul><\/div>\n<form action=\"\/de\/wp-json\/wp\/v2\/pages\/474#wpcf7-f469-o1\" method=\"post\" class=\"wpcf7-form init\" novalidate=\"novalidate\" data-status=\"init\">\n<div style=\"display: none;\">\n<input type=\"hidden\" name=\"_wpcf7\" value=\"469\" \/>\n<input type=\"hidden\" name=\"_wpcf7_version\" value=\"5.3\" \/>\n<input type=\"hidden\" name=\"_wpcf7_locale\" value=\"es_ES\" \/>\n<input type=\"hidden\" name=\"_wpcf7_unit_tag\" value=\"wpcf7-f469-o1\" \/>\n<input type=\"hidden\" name=\"_wpcf7_container_post\" value=\"0\" \/>\n<input type=\"hidden\" name=\"_wpcf7_posted_data_hash\" value=\"\" \/>\n<input type=\"hidden\" name=\"_wpcf7_recaptcha_response\" value=\"\" \/>\n<\/div>\n<div style=\"background-color: #c3e7f8; padding: 15px;\">\n<span class=\"wpcf7-form-control-wrap your-name\"><input type=\"text\" name=\"your-name\" value=\"\" size=\"40\" class=\"wpcf7-form-control wpcf7-text wpcf7-validates-as-required\" aria-required=\"true\" aria-invalid=\"false\" placeholder=\"Name und Nachname*\" \/><\/span><br \/>\n<span class=\"wpcf7-form-control-wrap your-email\"><input type=\"email\" name=\"your-email\" value=\"\" size=\"40\" class=\"wpcf7-form-control wpcf7-text wpcf7-email wpcf7-validates-as-required wpcf7-validates-as-email\" aria-required=\"true\" aria-invalid=\"false\" placeholder=\"Email*\" \/><\/span><br \/>\n<span class=\"wpcf7-form-control-wrap text-690\"><input type=\"text\" name=\"text-690\" value=\"\" size=\"40\" class=\"wpcf7-form-control wpcf7-text\" aria-invalid=\"false\" placeholder=\"Adresse\" \/><\/span><br \/>\n<span class=\"wpcf7-form-control-wrap tel-802\"><input type=\"tel\" name=\"tel-802\" value=\"\" size=\"40\" class=\"wpcf7-form-control wpcf7-text wpcf7-tel wpcf7-validates-as-required wpcf7-validates-as-tel\" aria-required=\"true\" aria-invalid=\"false\" placeholder=\"Mobiltelefon*\" \/><\/span><br \/>\n<span class=\"wpcf7-form-control-wrap text-796\"><input type=\"text\" name=\"text-796\" value=\"\" size=\"40\" class=\"wpcf7-form-control wpcf7-text\" aria-invalid=\"false\" placeholder=\"Buchungsdaten\" \/><\/span><br \/>\n<span class=\"wpcf7-form-control-wrap text-691\"><input type=\"text\" name=\"text-691\" value=\"\" size=\"40\" class=\"wpcf7-form-control wpcf7-text\" aria-invalid=\"false\" placeholder=\"Anzahl der Erwachsenen\" \/><\/span><br \/>\n<span class=\"wpcf7-form-control-wrap text-692\"><input type=\"text\" name=\"text-692\" value=\"\" size=\"40\" class=\"wpcf7-form-control wpcf7-text\" aria-invalid=\"false\" placeholder=\"Anzahl der Kinder\" \/><\/span><br \/>\n<span class=\"wpcf7-form-control-wrap your-message\"><textarea name=\"your-message\" cols=\"40\" rows=\"2\" class=\"wpcf7-form-control wpcf7-textarea\" aria-invalid=\"false\" placeholder=\"Botschaft\"><\/textarea><\/span><\/p>\n\n<p><input type=\"submit\" value=\"Senden\" class=\"wpcf7-form-control wpcf7-submit\" \/>\n<\/p><\/div>\n<div class=\"wpcf7-response-output\" aria-hidden=\"true\"><\/div><\/form><\/div>[\/vc_column][\/vc_row][vc_row][vc_column][vc_column_text]<\/p>\n<h4>Standort<\/h4>\n<p>[\/vc_column_text][vc_gmaps link=&#8220;#E-8_JTNDaWZyYW1lJTIwd2lkdGglM0QlMjIxMDI0JTIyJTIwaGVpZ2h0JTNEJTIyNDUwJTIyJTIwZnJhbWVib3JkZXIlM0QlMjIwJTIyJTIwc2Nyb2xsaW5nJTNEJTIybm8lMjIlMjBtYXJnaW5oZWlnaHQlM0QlMjIwJTIyJTIwbWFyZ2lud2lkdGglM0QlMjIwJTIyJTIwc3JjJTNEJTIyaHR0cHMlM0ElMkYlMkZtYXBzLmdvb2dsZS5lcyUyRm1hcHMlMkZtcyUzRmllJTNEVVRGOCUyNmFtcCUzQnNvdXJjZSUzRGVtYmVkJTI2YW1wJTNCbXNhJTNEMCUyNmFtcCUzQm1zaWQlM0QxMDc0OTA3MDM1NDUwNzAwMTQyOTcuMDAwNDcwYTg2NTMxZjkxZmE4YmEyJTI2YW1wJTNCbGwlM0QzNi4zMjQ4MDclMkMtNi4xMjU5OTQlMjZhbXAlM0JzcG4lM0QwLjAxNTIxMyUyQzAuMDc3MjQ4JTI2YW1wJTNCeiUzRDE0JTI2YW1wJTNCb3V0cHV0JTNEZW1iZWQlMjIlM0UlM0MlMkZpZnJhbWUlM0U=&#8220;][\/vc_column][\/vc_row]<\/p>\n","protected":false},"excerpt":{"rendered":"<p>[vc_row type=&#8220;vc_default&#8220; full_width=&#8220;stretch_row_content_no_spaces&#8220; css=&#8220;.vc_custom_1535318425883{margin-top: -40px !important;}&#8220;][vc_column][vc_column_text][\/vc_column_text][\/vc_column][\/vc_row][vc_row][vc_column width=&#8220;1\/2&#8243;][vc_column_text] Sch\u00f6ne l\u00e4ndliche Villa mit privatem Pool und tropischem Garten, nahe dem Strand. Sch\u00f6ne l\u00e4ndliche Villa in Roche Pinewood (Conil) in einer sehr ruhigen l\u00e4ndlichen Gegend, in einer Pinienwaldzone gelegen, wo Sie Natur und Ruhe genie\u00dfen k\u00f6nnen, nur 5 Autominuten von Conil und den \u00f6rtlichen Str\u00e4nden entfernt. Diese Villa&hellip;<\/p>\n","protected":false},"author":1,"featured_media":0,"parent":427,"menu_order":0,"comment_status":"closed","ping_status":"closed","template":"","meta":[],"_links":{"self":[{"href":"https:\/\/www.conilsol.com\/de\/wp-json\/wp\/v2\/pages\/474"}],"collection":[{"href":"https:\/\/www.conilsol.com\/de\/wp-json\/wp\/v2\/pages"}],"about":[{"href":"https:\/\/www.conilsol.com\/de\/wp-json\/wp\/v2\/types\/page"}],"author":[{"embeddable":true,"href":"https:\/\/www.conilsol.com\/de\/wp-json\/wp\/v2\/users\/1"}],"replies":[{"embeddable":true,"href":"https:\/\/www.conilsol.com\/de\/wp-json\/wp\/v2\/comments?post=474"}],"version-history":[{"count":3,"href":"https:\/\/www.conilsol.com\/de\/wp-json\/wp\/v2\/pages\/474\/revisions"}],"predecessor-version":[{"id":477,"href":"https:\/\/www.conilsol.com\/de\/wp-json\/wp\/v2\/pages\/474\/revisions\/477"}],"up":[{"embeddable":true,"href":"https:\/\/www.conilsol.com\/de\/wp-json\/wp\/v2\/pages\/427"}],"wp:attachment":[{"href":"https:\/\/www.conilsol.com\/de\/wp-json\/wp\/v2\/media?parent=474"}],"curies":[{"name":"wp","href":"https:\/\/api.w.org\/{rel}","templated":true}]}}