{"id":451,"date":"2018-09-04T11:05:02","date_gmt":"2018-09-04T11:05:02","guid":{"rendered":"https:\/\/www.conilsol.com\/contact\/"},"modified":"2018-10-20T20:04:17","modified_gmt":"2018-10-20T20:04:17","slug":"kontakt","status":"publish","type":"page","link":"https:\/\/www.conilsol.com\/de\/kontakt\/","title":{"rendered":"Kontakt"},"content":{"rendered":"<p>[vc_row type=&#8220;vc_default&#8220; full_width=&#8220;stretch_row_content_no_spaces&#8220; css=&#8220;.vc_custom_1535318425883{margin-top: -40px !important;}&#8220;][vc_column][vc_column_text]<img loading=\"lazy\" class=\"alignnone size-full wp-image-123\" src=\"https:\/\/www.conilsol.com\/wp-content\/uploads\/reservar-casa-en-conil.jpg\" alt=\"\" width=\"1300\" height=\"650\" srcset=\"https:\/\/www.conilsol.com\/wp-content\/uploads\/reservar-casa-en-conil.jpg 1300w, https:\/\/www.conilsol.com\/wp-content\/uploads\/reservar-casa-en-conil-300x150.jpg 300w, https:\/\/www.conilsol.com\/wp-content\/uploads\/reservar-casa-en-conil-768x384.jpg 768w, https:\/\/www.conilsol.com\/wp-content\/uploads\/reservar-casa-en-conil-1024x512.jpg 1024w\" sizes=\"(max-width: 1300px) 100vw, 1300px\" \/>[\/vc_column_text][\/vc_column][\/vc_row][vc_row][vc_column width=&#8220;1\/2&#8243;][vc_column_text]<\/p>\n<h3>Kontact uns!<\/h3>\n<div style=\"text-align: justify;\">F\u00fcr weitere Informationen \u00fcber unsere H\u00e4user oder f\u00fcr die Buchung, schreiben Sie uns bitte eine E-Mail an <a href=\"mailto:info@conilsol.com\">info@conilsol.com<\/a> oder f\u00fcllen Sie das Kontaktformular aus.<\/div>\n<p>[\/vc_column_text][vc_column_text]<img loading=\"lazy\" class=\"alignnone size-full wp-image-180\" src=\"https:\/\/www.conilsol.com\/wp-content\/uploads\/logo4.png\" alt=\"\" width=\"164\" height=\"150\" \/><\/p>\n<p><i class=\"fa icon-mail\"><\/i> <a href=\"mailto:info@conilsol.com\">info@conilsol.com<\/a><\/p>\n<div class=\"mini-widgets\">\n<div class=\"soc-ico show-on-desktop near-logo-first-switch hide-on-second-switch custom-bg hover-accent-bg\"><a class=\"facebook\" title=\"Facebook\" href=\"https:\/\/www.facebook.com\/conilsolconil\/\" target=\"_blank\" rel=\"noopener noreferrer\"><span class=\"assistive-text\">Facebook<\/span><\/a><a class=\"instagram\" title=\"Instagram\" href=\"https:\/\/www.instagram.com\/ConilSol\/\" target=\"_blank\" rel=\"noopener noreferrer\"><span class=\"assistive-text\">Instagram<\/span><\/a><\/div>\n<\/div>\n<p>[\/vc_column_text][\/vc_column][vc_column width=&#8220;1\/2&#8243;]<div role=\"form\" class=\"wpcf7\" id=\"wpcf7-f454-o1\" lang=\"es-ES\" dir=\"ltr\">\n<div class=\"screen-reader-response\"><p role=\"status\" aria-live=\"polite\" aria-atomic=\"true\"><\/p> <ul><\/ul><\/div>\n<form action=\"\/de\/wp-json\/wp\/v2\/pages\/451#wpcf7-f454-o1\" method=\"post\" class=\"wpcf7-form init\" novalidate=\"novalidate\" data-status=\"init\">\n<div style=\"display: none;\">\n<input type=\"hidden\" name=\"_wpcf7\" value=\"454\" \/>\n<input type=\"hidden\" name=\"_wpcf7_version\" value=\"5.3\" \/>\n<input type=\"hidden\" name=\"_wpcf7_locale\" value=\"es_ES\" \/>\n<input type=\"hidden\" name=\"_wpcf7_unit_tag\" value=\"wpcf7-f454-o1\" \/>\n<input type=\"hidden\" name=\"_wpcf7_container_post\" value=\"0\" \/>\n<input type=\"hidden\" name=\"_wpcf7_posted_data_hash\" value=\"\" \/>\n<input type=\"hidden\" name=\"_wpcf7_recaptcha_response\" value=\"\" \/>\n<\/div>\n<p><span class=\"wpcf7-form-control-wrap your-name\"><input type=\"text\" name=\"your-name\" value=\"\" size=\"40\" class=\"wpcf7-form-control wpcf7-text wpcf7-validates-as-required\" aria-required=\"true\" aria-invalid=\"false\" placeholder=\"Name und Nachname*\" \/><\/span><\/p>\n<p><span class=\"wpcf7-form-control-wrap your-email\"><input type=\"email\" name=\"your-email\" value=\"\" size=\"40\" class=\"wpcf7-form-control wpcf7-text wpcf7-email wpcf7-validates-as-required wpcf7-validates-as-email\" aria-required=\"true\" aria-invalid=\"false\" placeholder=\"Email*\" \/><\/span><\/p>\n<p><span class=\"wpcf7-form-control-wrap text-690\"><input type=\"text\" name=\"text-690\" value=\"\" size=\"40\" class=\"wpcf7-form-control wpcf7-text\" aria-invalid=\"false\" placeholder=\"Adresse\" \/><\/span><\/p>\n<p><span class=\"wpcf7-form-control-wrap tel-802\"><input type=\"tel\" name=\"tel-802\" value=\"\" size=\"40\" class=\"wpcf7-form-control wpcf7-text wpcf7-tel wpcf7-validates-as-required wpcf7-validates-as-tel\" aria-required=\"true\" aria-invalid=\"false\" placeholder=\"Mobiltelefon*\" \/><\/span><\/p>\n<p><span class=\"wpcf7-form-control-wrap text-796\"><input type=\"text\" name=\"text-796\" value=\"\" size=\"40\" class=\"wpcf7-form-control wpcf7-text\" aria-invalid=\"false\" placeholder=\"Buchungsdaten\" \/><\/span><\/p>\n<p><span class=\"wpcf7-form-control-wrap text-691\"><input type=\"text\" name=\"text-691\" value=\"\" size=\"40\" class=\"wpcf7-form-control wpcf7-text\" aria-invalid=\"false\" placeholder=\"Anzahl der Erwachsenen\" \/><\/span><\/p>\n<p><span class=\"wpcf7-form-control-wrap text-692\"><input type=\"text\" name=\"text-692\" value=\"\" size=\"40\" class=\"wpcf7-form-control wpcf7-text\" aria-invalid=\"false\" placeholder=\"Anzahl der Kinder\" \/><\/span><\/p>\n<p><span class=\"wpcf7-form-control-wrap your-subject\"><input type=\"text\" name=\"your-subject\" value=\"\" size=\"40\" class=\"wpcf7-form-control wpcf7-text\" aria-invalid=\"false\" placeholder=\"Eigentum\" \/><\/span><\/p>\n<p><span class=\"wpcf7-form-control-wrap your-message\"><textarea name=\"your-message\" cols=\"40\" rows=\"4\" class=\"wpcf7-form-control wpcf7-textarea\" aria-invalid=\"false\" placeholder=\"Botschaft\"><\/textarea><\/span><\/p>\n\n<p><input type=\"submit\" value=\"Senden\" class=\"wpcf7-form-control wpcf7-submit\" \/><\/p>\n<div class=\"wpcf7-response-output\" aria-hidden=\"true\"><\/div><\/form><\/div>[\/vc_column][\/vc_row]<\/p>\n","protected":false},"excerpt":{"rendered":"<p>[vc_row type=&#8220;vc_default&#8220; full_width=&#8220;stretch_row_content_no_spaces&#8220; css=&#8220;.vc_custom_1535318425883{margin-top: -40px !important;}&#8220;][vc_column][vc_column_text][\/vc_column_text][\/vc_column][\/vc_row][vc_row][vc_column width=&#8220;1\/2&#8243;][vc_column_text] Kontact uns! F\u00fcr weitere Informationen \u00fcber unsere H\u00e4user oder f\u00fcr die Buchung, schreiben Sie uns bitte eine E-Mail an info@conilsol.com oder f\u00fcllen Sie das Kontaktformular aus. [\/vc_column_text][vc_column_text] info@conilsol.com FacebookInstagram [\/vc_column_text][\/vc_column][vc_column width=&#8220;1\/2&#8243;][\/vc_column][\/vc_row]<\/p>\n","protected":false},"author":1,"featured_media":0,"parent":0,"menu_order":0,"comment_status":"closed","ping_status":"closed","template":"","meta":[],"_links":{"self":[{"href":"https:\/\/www.conilsol.com\/de\/wp-json\/wp\/v2\/pages\/451"}],"collection":[{"href":"https:\/\/www.conilsol.com\/de\/wp-json\/wp\/v2\/pages"}],"about":[{"href":"https:\/\/www.conilsol.com\/de\/wp-json\/wp\/v2\/types\/page"}],"author":[{"embeddable":true,"href":"https:\/\/www.conilsol.com\/de\/wp-json\/wp\/v2\/users\/1"}],"replies":[{"embeddable":true,"href":"https:\/\/www.conilsol.com\/de\/wp-json\/wp\/v2\/comments?post=451"}],"version-history":[{"count":3,"href":"https:\/\/www.conilsol.com\/de\/wp-json\/wp\/v2\/pages\/451\/revisions"}],"predecessor-version":[{"id":455,"href":"https:\/\/www.conilsol.com\/de\/wp-json\/wp\/v2\/pages\/451\/revisions\/455"}],"wp:attachment":[{"href":"https:\/\/www.conilsol.com\/de\/wp-json\/wp\/v2\/media?parent=451"}],"curies":[{"name":"wp","href":"https:\/\/api.w.org\/{rel}","templated":true}]}}