{"id":444,"date":"2018-09-04T10:32:47","date_gmt":"2018-09-04T10:32:47","guid":{"rendered":"https:\/\/www.conilsol.com\/activities\/"},"modified":"2018-10-20T19:49:17","modified_gmt":"2018-10-20T19:49:17","slug":"aktivitaeten","status":"publish","type":"page","link":"https:\/\/www.conilsol.com\/de\/aktivitaeten\/","title":{"rendered":"Aktivit\u00e4ten"},"content":{"rendered":"<p>[vc_row type=&#8220;vc_default&#8220; full_width=&#8220;stretch_row_content_no_spaces&#8220; css=&#8220;.vc_custom_1535318425883{margin-top: -40px !important;}&#8220;][vc_column][vc_column_text]<img loading=\"lazy\" class=\"alignnone size-full wp-image-103\" src=\"https:\/\/www.conilsol.com\/wp-content\/uploads\/actividades-en-conil.jpg\" alt=\"\" width=\"1400\" height=\"700\" srcset=\"https:\/\/www.conilsol.com\/wp-content\/uploads\/actividades-en-conil.jpg 1400w, https:\/\/www.conilsol.com\/wp-content\/uploads\/actividades-en-conil-300x150.jpg 300w, https:\/\/www.conilsol.com\/wp-content\/uploads\/actividades-en-conil-768x384.jpg 768w, https:\/\/www.conilsol.com\/wp-content\/uploads\/actividades-en-conil-1024x512.jpg 1024w\" sizes=\"(max-width: 1400px) 100vw, 1400px\" \/>[\/vc_column_text][\/vc_column][\/vc_row][vc_row][vc_column][vc_column_text]<\/p>\n<h3>Welche Aktivit\u00e4ten k\u00f6nnen Sie in Conil machen?<\/h3>\n<div style=\"text-align: justify;\">\n<p>In unserer Gegend k\u00f6nnen Sie Sportarten wie Golf genie\u00dfen, in der Gegend gibt es die Golfpl\u00e4tze von Monteenmedio, Novo Sancti Petri, La Loma, Montecastillo oder der ber\u00fchmte Valderrama Golf Club.<\/p>\n<p>An den Str\u00e4nden von Conil k\u00f6nnen Sie lange Spazierg\u00e4nge in den mehr als 14 km langen Str\u00e4nden machen. Sie k\u00f6nnen surfen, windsurfen oder kitesurfen, eine Sportart, die immer mehr Anh\u00e4nger findet. Sie k\u00f6nnen sich auch f\u00fcr das Angeln mit Zuckerrohr entscheiden und zwischen den F\u00e4ngen die ber\u00fchmten Urtas de Conil, Pargos, Sargos y Borriquetes w\u00e4hlen.<\/p>\n<p>Sie k\u00f6nnen auch Mountainbike fahren oder wandern, da es verschiedene Wege und Str\u00e4nde mit Klippen in der Umgebung gibt, da Conil noch viele unber\u00fchrte Gebiete inmitten der Natur besitzt.<\/p>\n<\/div>\n<p>[\/vc_column_text][\/vc_column][\/vc_row][vc_row][vc_column][vc_media_grid element_width=&#8220;2&#8243; initial_loading_animation=&#8220;none&#8220; grid_id=&#8220;vc_gid:1540064885577-f2322ce2-95d4-7&#8243; include=&#8220;106,109,107,108,110,105&#8243;][\/vc_column][\/vc_row]<\/p>\n","protected":false},"excerpt":{"rendered":"<p>[vc_row type=&#8220;vc_default&#8220; full_width=&#8220;stretch_row_content_no_spaces&#8220; css=&#8220;.vc_custom_1535318425883{margin-top: -40px !important;}&#8220;][vc_column][vc_column_text][\/vc_column_text][\/vc_column][\/vc_row][vc_row][vc_column][vc_column_text] Welche Aktivit\u00e4ten k\u00f6nnen Sie in Conil machen? In unserer Gegend k\u00f6nnen Sie Sportarten wie Golf genie\u00dfen, in der Gegend gibt es die Golfpl\u00e4tze von Monteenmedio, Novo Sancti Petri, La Loma, Montecastillo oder der ber\u00fchmte Valderrama Golf Club. An den Str\u00e4nden von Conil k\u00f6nnen Sie lange Spazierg\u00e4nge in den mehr&hellip;<\/p>\n","protected":false},"author":1,"featured_media":0,"parent":0,"menu_order":0,"comment_status":"closed","ping_status":"closed","template":"","meta":[],"_links":{"self":[{"href":"https:\/\/www.conilsol.com\/de\/wp-json\/wp\/v2\/pages\/444"}],"collection":[{"href":"https:\/\/www.conilsol.com\/de\/wp-json\/wp\/v2\/pages"}],"about":[{"href":"https:\/\/www.conilsol.com\/de\/wp-json\/wp\/v2\/types\/page"}],"author":[{"embeddable":true,"href":"https:\/\/www.conilsol.com\/de\/wp-json\/wp\/v2\/users\/1"}],"replies":[{"embeddable":true,"href":"https:\/\/www.conilsol.com\/de\/wp-json\/wp\/v2\/comments?post=444"}],"version-history":[{"count":2,"href":"https:\/\/www.conilsol.com\/de\/wp-json\/wp\/v2\/pages\/444\/revisions"}],"predecessor-version":[{"id":446,"href":"https:\/\/www.conilsol.com\/de\/wp-json\/wp\/v2\/pages\/444\/revisions\/446"}],"wp:attachment":[{"href":"https:\/\/www.conilsol.com\/de\/wp-json\/wp\/v2\/media?parent=444"}],"curies":[{"name":"wp","href":"https:\/\/api.w.org\/{rel}","templated":true}]}}