{"id":439,"date":"2018-09-04T10:22:16","date_gmt":"2018-09-04T10:22:16","guid":{"rendered":"https:\/\/www.conilsol.com\/conil\/"},"modified":"2018-10-20T19:46:31","modified_gmt":"2018-10-20T19:46:31","slug":"conil","status":"publish","type":"page","link":"https:\/\/www.conilsol.com\/de\/conil\/","title":{"rendered":"Conil"},"content":{"rendered":"<p>[vc_row type=&#8220;vc_default&#8220; full_width=&#8220;stretch_row_content_no_spaces&#8220; css=&#8220;.vc_custom_1535318425883{margin-top: -40px !important;}&#8220;][vc_column][vc_column_text]<img loading=\"lazy\" class=\"alignnone size-full wp-image-90\" src=\"https:\/\/www.conilsol.com\/wp-content\/uploads\/conil.jpg\" alt=\"\" width=\"1400\" height=\"700\" srcset=\"https:\/\/www.conilsol.com\/wp-content\/uploads\/conil.jpg 1400w, https:\/\/www.conilsol.com\/wp-content\/uploads\/conil-300x150.jpg 300w, https:\/\/www.conilsol.com\/wp-content\/uploads\/conil-768x384.jpg 768w, https:\/\/www.conilsol.com\/wp-content\/uploads\/conil-1024x512.jpg 1024w\" sizes=\"(max-width: 1400px) 100vw, 1400px\" \/>[\/vc_column_text][\/vc_column][\/vc_row][vc_row][vc_column][vc_column_text]<\/p>\n<h3>Entdecke Conil (C\u00e1diz)!<\/h3>\n<div style=\"text-align: justify;\">\n<p>Conil, kleine und malerische Stadt. von 14 Kms. von Str\u00e4nden und ausgedehnten Pinienw\u00e4ldern ist es ein idealer Ort, um Ihre Freizeit zu jeder Jahreszeit zu verbringen.<\/p>\n<p>Der Sommer ist die Zeit der gr\u00f6\u00dften Attraktion wegen der Vielfalt der Orte f\u00fcr jeden Geschmack und Umgebung, nicht nur national, sondern auch international. Die Vielfalt seiner K\u00fcstenlinie umfasst eine Gruppe von Str\u00e4nden (Bateles, Fontanilla, Roqueo, Fuente del Gallo und Puerco) und Buchten (Puntalejos, Cala de Aceite, Roche, etc.), mit feinem goldenem Sand und kristallklarem Wasser und kristallinem, sowie ein Fischereihafen.<\/p>\n<p>Zu jeder Jahreszeit in Conil herrscht aufgrund der Freundlichkeit und Gastfreundschaft seiner Bewohner eine ruhige und famili\u00e4re Atmosph\u00e4re. Es kann auch mit einem einfachen Spaziergang entlang der K\u00fcste, im Licht des Mondes in seinen warmen Herbst-und Fr\u00fchlingsn\u00e4chten neu erstellt werden. Betrachten Sie einen wundervollen Sonnenuntergang, machen Sie eine Ausritt zu Pferd, besuchen Sie die Fischauktionen und produzieren Sie aus der Landschaft, und verbringen Sie einen unwiederholbaren Aufenthalt bei uns.<\/p>\n<\/div>\n<p>[\/vc_column_text][\/vc_column][\/vc_row][vc_row][vc_column][vc_media_grid element_width=&#8220;2&#8243; initial_loading_animation=&#8220;none&#8220; grid_id=&#8220;vc_gid:1540064761629-ea7ec211-7dcb-10&#8243; include=&#8220;93,94,95,96,97,98&#8243;][\/vc_column][\/vc_row][vc_row][vc_column][vc_column_text]<\/p>\n<h3>Costa de la Luz<\/h3>\n<div style=\"text-align: justify;\">\n<p>Die Costa de la Luz ist ein anderes Universum als die vielen anderen spanischen K\u00fcsten und liegt in einem Teil der andalusischen K\u00fcste mit Blick auf den Atlantischen Ozean. Die Costa de la Luz erstreckt sich von der touristischen Ortschaft Tarifa, die an der Spitze Richtung S\u00fcden Spaniens liegt, entlang der K\u00fcste und den St\u00e4dten Huelva und C\u00e1diz.<\/p>\n<p>Die Costa de la Luz ist ber\u00fchmt f\u00fcr ihren guten Wein, die Sandstr\u00e4nde und das warme Klima, was sie zum perfekten Reiseziel f\u00fcr diejenigen macht, die die Sonne lieben. Neben den wundersch\u00f6nen Str\u00e4nden und der Sonne bietet die Costa de la Luz viele weitere M\u00f6glichkeiten, darunter Freizeitaktivit\u00e4ten wie Golf, Sport, f\u00fcr den einige der besten Golfpl\u00e4tze in Europa angeboten werden, und Wassersport.<\/p>\n<p>Ein obligatorischer Besuch f\u00fcr diejenigen, die sich f\u00fcr die Natur interessieren, ist der Nationalpark Do\u00f1ana, der f\u00fcr seine wundersch\u00f6ne nat\u00fcrliche Sch\u00f6nheit bekannt ist. Die Gastronomie der Costa de la Luz spiegelt die traditionelle mediterrane K\u00fcche mit frischem Fisch, Gem\u00fcse und Fleisch wider. Wie im Rest von S\u00fcdspanien ist das traditionelle regionale Gericht Gazpacho und Reis, alle mit Sangria gew\u00e4ssert. Die Costa de la Luz ist das ideale Ziel f\u00fcr diejenigen, die einen ruhigen Urlaub verbringen m\u00f6chten und wo Sie die Emotionen und den Charme des echten Spaniens erleben k\u00f6nnen.<\/p>\n<\/div>\n<p>[\/vc_column_text][\/vc_column][\/vc_row]<\/p>\n","protected":false},"excerpt":{"rendered":"<p>[vc_row type=&#8220;vc_default&#8220; full_width=&#8220;stretch_row_content_no_spaces&#8220; css=&#8220;.vc_custom_1535318425883{margin-top: -40px !important;}&#8220;][vc_column][vc_column_text][\/vc_column_text][\/vc_column][\/vc_row][vc_row][vc_column][vc_column_text] Entdecke Conil (C\u00e1diz)! Conil, kleine und malerische Stadt. von 14 Kms. von Str\u00e4nden und ausgedehnten Pinienw\u00e4ldern ist es ein idealer Ort, um Ihre Freizeit zu jeder Jahreszeit zu verbringen. Der Sommer ist die Zeit der gr\u00f6\u00dften Attraktion wegen der Vielfalt der Orte f\u00fcr jeden Geschmack und Umgebung, nicht nur&hellip;<\/p>\n","protected":false},"author":1,"featured_media":0,"parent":0,"menu_order":0,"comment_status":"closed","ping_status":"closed","template":"","meta":[],"_links":{"self":[{"href":"https:\/\/www.conilsol.com\/de\/wp-json\/wp\/v2\/pages\/439"}],"collection":[{"href":"https:\/\/www.conilsol.com\/de\/wp-json\/wp\/v2\/pages"}],"about":[{"href":"https:\/\/www.conilsol.com\/de\/wp-json\/wp\/v2\/types\/page"}],"author":[{"embeddable":true,"href":"https:\/\/www.conilsol.com\/de\/wp-json\/wp\/v2\/users\/1"}],"replies":[{"embeddable":true,"href":"https:\/\/www.conilsol.com\/de\/wp-json\/wp\/v2\/comments?post=439"}],"version-history":[{"count":3,"href":"https:\/\/www.conilsol.com\/de\/wp-json\/wp\/v2\/pages\/439\/revisions"}],"predecessor-version":[{"id":442,"href":"https:\/\/www.conilsol.com\/de\/wp-json\/wp\/v2\/pages\/439\/revisions\/442"}],"wp:attachment":[{"href":"https:\/\/www.conilsol.com\/de\/wp-json\/wp\/v2\/media?parent=439"}],"curies":[{"name":"wp","href":"https:\/\/api.w.org\/{rel}","templated":true}]}}